{"id":12,"date":"2021-08-15T00:01:23","date_gmt":"2021-08-14T22:01:23","guid":{"rendered":"https:\/\/wenzel.co.at\/wshop\/widerrufsbelehrung\/"},"modified":"2021-08-23T19:25:35","modified_gmt":"2021-08-23T17:25:35","slug":"widerrufsbelehrung","status":"publish","type":"page","link":"https:\/\/wenzel.co.at\/wshop\/widerrufsbelehrung\/","title":{"rendered":"Widerrufsbelehrung"},"content":{"rendered":"<p><span style=\"font-size: 14pt;\"><span style=\"font-family: Arial, sans-serif;\">INFORMATIONEN ZUR AUS\u00dcBUNG DES WIEDERRUFSRECHTS IM FALLE EINES KAUFVERTRAGES \u00dcBER DIE LIEFERUNG EINER ODER MERERER WAREN IN EINER SENDUNG<\/span><\/span><\/p>\n<p><span style=\"font-size: 14pt; background-color: var(--global--color-background);\">Der Verbraucher hat kein R\u00fccktrittsrecht bei Vertr\u00e4gen \u00fcber<\/span><br \/>\n<span style=\"font-family: Arial, sans-serif;\"><br \/>\n<\/span><span style=\"font-family: Arial, sans-serif; font-size: 14pt;\">1. Dienstleistungen, wenn der Unternehmer \u2013 auf Grundlage eines ausdr\u00fccklichen Verlangens des Verbrauchers nach \u00a7 10 FAGG sowie einer Best\u00e4tigung des Verbrauchers \u00fcber dessen Kenntnis vom Verlust des R\u00fccktrittsrechts bei vollst\u00e4ndiger Vertragserf\u00fcllung \u2013 noch vor Ablauf der R\u00fccktrittsfrist nach \u00a7 11 FAGG mit der Ausf\u00fchrung der Dienstleistung begonnen hatte und die Dienstleistung sodann vollst\u00e4ndig erbracht wurde,<\/span><\/p>\n<p><span style=\"font-family: Arial, sans-serif; font-size: 14pt;\">2. Waren oder Dienstleistungen, deren Preis von Schwankungen auf dem Finanzmarkt abh\u00e4ngt, auf die der Unternehmer keinen Einfluss hat und die innerhalb der R\u00fccktrittsfrist auftreten k\u00f6nnen,<\/span><\/p>\n<p><span style=\"font-family: Arial, sans-serif; font-size: 14pt;\">3. Waren, die nach Kundenspezifikationen angefertigt werden oder eindeutig auf die pers\u00f6nlichen Bed\u00fcrfnisse zugeschnitten sind, gefertigt oder eine Sonderbestellung darstellen.<\/span><\/p>\n<p><span style=\"font-family: Arial, sans-serif; font-size: 14pt;\">4. Waren, die versiegelt geliefert werden und aus Gr\u00fcnden des Gesundheitsschutzes oder aus Hygienegr\u00fcnden nicht zur R\u00fcckgabe geeignet sind, sofern deren Versiegelung nach der Lieferung entfernt wurde,<\/span><\/p>\n<p><span style=\"font-family: Arial, sans-serif; font-size: 14pt;\">6. Waren, die nach ihrer Lieferung auf Grund ihrer Beschaffenheit untrennbar mit anderen G\u00fctern vermischt wurden,<\/span><\/p>\n<p><span style=\"font-family: Arial, sans-serif; font-size: 14pt;\">7. Bildaufnahmen oder Drucksorten, die in einer versiegelten Packung geliefert werden, sofern deren Versiegelung nach der Lieferung entfernt wurde,<\/span><\/p>\n<p><span style=\"font-family: Arial, sans-serif; font-size: 14pt;\">8. die Lieferung von nicht auf einem k\u00f6rperlichen Datentr\u00e4ger gespeicherten digitalen Inhalten, wenn der Unternehmer \u2013 mit ausdr\u00fccklicher Zustimmung des Verbrauchers, verbunden mit dessen Kenntnisnahme vom Verlust des R\u00fccktrittsrechts bei vorzeitigem Beginn mit der Vertragserf\u00fcllung, und nach Zurverf\u00fcgungstellung einer Best\u00e4tigung nach \u00a7 7 Abs. 3 FAGG \u2013 noch vor Ablauf der R\u00fccktrittsfrist nach \u00a7 11 FAGG mit der Lieferung begonnen hat.<\/span><\/p>\n<p><span style=\"font-family: Arial, sans-serif; font-size: 14pt;\">F\u00fcr Verbraucher aus Deutschland gilt:<\/span><\/p>\n<p><span style=\"font-family: Arial, sans-serif; font-size: 14pt;\">Das Widerrufsrecht besteht, soweit die Parteien nichts anderes vereinbart haben, nicht bei folgenden Vertr\u00e4gen:<\/span><\/p>\n<p><span style=\"font-family: Arial, sans-serif; font-size: 14pt;\">1. Vertr\u00e4ge zur Lieferung von Waren, die nicht vorgefertigt sind und f\u00fcr deren Herstellung eine individuelle Auswahl oder Bestimmung durch den Verbraucher ma\u00dfgeblich ist oder die eindeutig auf die pers\u00f6nlichen Bed\u00fcrfnisse des Verbrauchers zugeschnitten sind,<\/span><\/p>\n<p><span style=\"font-family: Arial, sans-serif; font-size: 14pt;\">2. Vertr\u00e4ge zur Lieferung versiegelter Waren, die aus Gr\u00fcnden des Gesundheitsschutzes oder der Hygiene nicht zur R\u00fcckgabe geeignet sind, wenn ihre Versiegelung nach der Lieferung entfernt wurde,<\/span><\/p>\n<p><span style=\"font-family: Arial, sans-serif; font-size: 14pt;\">4. Vertr\u00e4ge zur Lieferung von Waren, wenn diese nach der Lieferung auf Grund ihrer Beschaffenheit untrennbar mit anderen G\u00fctern vermischt wurden,<\/span><\/p>\n<p><span style=\"font-family: Arial, sans-serif; font-size: 14pt;\">5. Vertr\u00e4ge zur Lieferung von Bildaufnahmen oder Drucksorten in einer versiegelten Packung, wenn die Versiegelung nach der Lieferung entfernt wurde,<\/span><\/p>\n<p><span style=\"font-family: Arial, sans-serif; font-size: 14pt;\">6. Vertr\u00e4ge, die im Rahmen einer Vermarktungsform geschlossen werden, bei der der Unternehmer Verbrauchern, die pers\u00f6nlich anwesend sind oder denen diese M\u00f6glichkeit gew\u00e4hrt wird, Waren oder Dienstleistungen anbietet, und zwar in einem vom Versteigerer durchgef\u00fchrten, auf konkurrierenden Geboten basierenden transparenten Verfahren, bei dem der Bieter, der den Zuschlag erhalten hat, zum Erwerb der Waren oder Dienstleistungen verpflichtet ist (\u00f6ffentlich zug\u00e4ngliche Versteigerung),<\/span><\/p>\n<p><span style=\"font-family: Arial, sans-serif; font-size: 14pt;\">7. Vertr\u00e4ge, bei denen der Verbraucher den Unternehmer ausdr\u00fccklich aufgefordert hat, ihn aufzusuchen, um dringende Reparatur- oder Instandhaltungsarbeiten vorzunehmen; dies gilt nicht hinsichtlich weiterer bei dem Besuch erbrachter Dienstleistungen, die der Verbraucher nicht ausdr\u00fccklich verlangt hat, oder hinsichtlich solcher bei dem Besuch gelieferter Waren, die bei der Instandhaltung oder Reparatur nicht unbedingt als Ersatzteile ben\u00f6tigt werden,<\/span><\/p>\n<p><span style=\"font-family: Arial, sans-serif; font-size: 14pt;\">8. notariell beurkundete Vertr\u00e4ge; dies gilt f\u00fcr Fernabsatzvertr\u00e4ge \u00fcber Finanzdienstleistungen nur, wenn der Notar best\u00e4tigt, dass die Rechte des Verbrauchers aus \u00a7 312d Absatz 2 gewahrt sind.<\/span><\/p>\n<p><span style=\"font-size: 14pt;\"><span style=\"font-family: Arial, sans-serif;\">Das Widerrufsrecht erlischt bei einem Vertrag zur Erbringung von Dienstleistungen auch dann, wenn der Unternehmer die Dienstleistung vollst\u00e4ndig erbracht hat und mit der Ausf\u00fchrung der Dienstleistung erst begonnen hat, nachdem der Verbraucher dazu seine ausdr\u00fcckliche Zustimmung gegeben hat und gleichzeitig seine Kenntnis davon best\u00e4tigt hat, dass er sein Widerrufsrecht bei vollst\u00e4ndiger Vertragserf\u00fcllung durch den Unternehmer verliert.<\/span><span style=\"font-family: Arial, sans-serif;\"><br \/>\n<\/span><span style=\"font-family: Arial, sans-serif;\">F\u00fcr Waren, die versiegelt geliefert werden und aus Gr\u00fcnden des Gesundheitsschutzes oder aus\u00a0\u00a0\u00a0 Hygienegr\u00fcnden nicht zur R\u00fcckgabe geeignet sind, entf\u00e4llt das Widerrufsrecht (R\u00fccktrittsrecht), wenn die Waren nach der Lieferung entsiegelt worden sind.\u00a0<\/span><\/span><\/p>\n<p><span style=\"font-family: Arial, sans-serif; font-size: 14pt;\">F\u00fcr Waren, die nach ihrer Lieferung auf Grund ihrer Beschaffenheit untrennbar mit anderen G\u00fctern\u00a0\u00a0 vermischt worden sind, entf\u00e4llt das Widerrufsrecht (R\u00fccktrittsrecht).<\/span><\/p>\n<p><span style=\"font-size: 14pt;\"><span style=\"font-family: Arial, sans-serif;\"><br \/>\nSie k\u00f6nnen daf\u00fcr das\u00a0<\/span><strong><span style=\"color: #3366ff;\"><a style=\"color: #3366ff;\" href=\"http:\/\/wenzel.co.at\/Widerrufsformular.pdf\" target=\"_blank\" rel=\"noopener\"><span style=\"font-family: Arial, sans-serif;\">&gt; hier &lt;<\/span><\/a><\/span><\/strong><span style=\"font-family: Arial, sans-serif;\">\u00a0beigef\u00fcgte Muster-Widerrufsformular verwenden, das jedoch nicht vorgeschrieben ist.<\/span><\/span><\/p>\n","protected":false},"excerpt":{"rendered":"<p>INFORMATIONEN ZUR AUS\u00dcBUNG DES WIEDERRUFSRECHTS IM FALLE EINES KAUFVERTRAGES \u00dcBER DIE LIEFERUNG EINER ODER MERERER WAREN IN EINER SENDUNG Der Verbraucher hat kein R\u00fccktrittsrecht bei Vertr\u00e4gen \u00fcber 1. Dienstleistungen, wenn der Unternehmer \u2013 auf Grundlage eines ausdr\u00fccklichen Verlangens des Verbrauchers nach \u00a7 10 FAGG sowie einer Best\u00e4tigung des Verbrauchers \u00fcber dessen Kenntnis vom Verlust des&hellip; <a class=\"more-link\" href=\"https:\/\/wenzel.co.at\/wshop\/widerrufsbelehrung\/\">Continue reading <span class=\"screen-reader-text\">Widerrufsbelehrung<\/span><\/a><\/p>\n","protected":false},"author":1,"featured_media":0,"parent":0,"menu_order":0,"comment_status":"closed","ping_status":"closed","template":"","meta":{"footnotes":""},"class_list":["post-12","page","type-page","status-publish","hentry","entry"],"_links":{"self":[{"href":"https:\/\/wenzel.co.at\/wshop\/wp-json\/wp\/v2\/pages\/12","targetHints":{"allow":["GET"]}}],"collection":[{"href":"https:\/\/wenzel.co.at\/wshop\/wp-json\/wp\/v2\/pages"}],"about":[{"href":"https:\/\/wenzel.co.at\/wshop\/wp-json\/wp\/v2\/types\/page"}],"author":[{"embeddable":true,"href":"https:\/\/wenzel.co.at\/wshop\/wp-json\/wp\/v2\/users\/1"}],"replies":[{"embeddable":true,"href":"https:\/\/wenzel.co.at\/wshop\/wp-json\/wp\/v2\/comments?post=12"}],"version-history":[{"count":0,"href":"https:\/\/wenzel.co.at\/wshop\/wp-json\/wp\/v2\/pages\/12\/revisions"}],"wp:attachment":[{"href":"https:\/\/wenzel.co.at\/wshop\/wp-json\/wp\/v2\/media?parent=12"}],"curies":[{"name":"wp","href":"https:\/\/api.w.org\/{rel}","templated":true}]}}