{"id":73,"date":"2021-08-15T03:03:36","date_gmt":"2021-08-15T01:03:36","guid":{"rendered":"https:\/\/wenzel.co.at\/wshop\/?page_id=73"},"modified":"2021-08-23T19:24:47","modified_gmt":"2021-08-23T17:24:47","slug":"impressum-2","status":"publish","type":"page","link":"https:\/\/wenzel.co.at\/wshop\/impressum-2\/","title":{"rendered":"Impressum"},"content":{"rendered":"<p class=\"western\"><span style=\"font-family: arial, helvetica, sans-serif; font-size: 14pt;\">FIRMENWORTLAUT UND BEZEICHNUNG<\/span><\/p>\n<p><span style=\"font-family: arial, helvetica, sans-serif; font-size: 14pt;\">Andreas Wenzel<\/span><\/p>\n<p><span style=\"font-family: arial, helvetica, sans-serif; font-size: 14pt;\"><span style=\"font-size: 14pt; background-color: var(--global--color-background);\">Einzelunternehmen<\/span><\/span><\/p>\n<p><span style=\"font-family: arial, helvetica, sans-serif; font-size: 14pt;\">Handel und Handelsagent<br \/>\nTeilebeschaffung f\u00fcr VW, Audi , Oldtimer und Youngtimer<\/span><\/p>\n<p><span style=\"font-family: arial, helvetica, sans-serif; font-size: 14pt;\">Gruberweg 7, 8504 Preding<br \/>\nMobil: + 43(0)699\/11778164<br \/>\nE-Mail:<span style=\"caret-color: #3366ff;\"> <a href=\"mailto:shop@wenzel.co.at?subject=Anfrage\">office@wenzel.co.at<\/a><\/span><\/span><\/p>\n<p style=\"text-align: center;\"><iframe loading=\"lazy\" style=\"border: 0;\" src=\"https:\/\/www.google.com\/maps\/embed?pb=!1m18!1m12!1m3!1d1347.3513316057026!2d15.424857901533468!3d46.85192509631299!2m3!1f0!2f0!3f0!3m2!1i1024!2i768!4f13.1!3m3!1m2!1s0x476fb98c61011057%3A0x8929859eb7542415!2sWenzel+Andreas%2C+Handel+und+Handelsagent%2CTeilebeschaffung+f%C3%BCr+Old-und+Youngtimer+f%C3%BCr+VW+und+Audi!5e1!3m2!1sde!2sat!4v1522242286658\" width=\"425\" height=\"350\" allowfullscreen=\"allowfullscreen\"><\/iframe><\/p>\n<p><span style=\"font-family: arial, helvetica, sans-serif; font-size: 14pt;\">Handelsgewerbe mit Ausnahme der reglementierten Handelsgewerbe und Handelsagent.<\/span><\/p>\n<p><span style=\"font-family: arial, helvetica, sans-serif; font-size: 14pt;\">Teilebeschaffung f\u00fcr Fahrzeugbesitzer der Marken VW \u2013 Audi, deren Fahrzeuge \u00e4lter als 15 Jahre sind, diverser Internetforen und Oldtimer und Youngtimer Freunde, von nicht mehr lieferbarer Teile beim Hersteller, Gebraucht &#8211; oder Neuteile, Nachfertigungen von Einzelteilen im externen Auftrag.<\/span><\/p>\n<p><span style=\"font-family: arial, helvetica, sans-serif; font-size: 14pt;\">Vermittlung von Warenhandelsgesch\u00e4ften in fremden Namen und auf fremde Rechnung zwischen Unternehmer.<\/span><\/p>\n<p><span style=\"font-family: arial, helvetica, sans-serif; font-size: 14pt;\">Vermittlung von Warenhandelsgesch\u00e4ften im fremden Namen und auf fremde Rechnung zwischen Direktberater und Privatpersonen.<\/span><\/p>\n<h3><span style=\"font-family: arial, helvetica, sans-serif; font-size: 14pt;\">GESCH\u00c4FTSZEITEN:<\/span><\/h3>\n<p><span style=\"font-family: arial, helvetica, sans-serif; font-size: 14pt;\"><strong>Anfragen werden von Montag bis Donnerstag in der Zeit von 8-17 Uhr telefonisch unter der Nummer +43(0)699\/11778164 entgegengenommen und beantwortet. Kein Kundenverkehr.<\/strong><\/span><\/p>\n<p><span style=\"font-family: arial, helvetica, sans-serif; font-size: 14pt;\">Au\u00dferhalb der angegebenen Gesch\u00e4ftszeiten ist ausschlie\u00dflich per E- Mail unter <strong><a href=\"mailto:shop@wenzel.co.at?subject=Anfrage\">office@wenzel.co.at<\/a><\/strong> m\u00f6glich eine Anfrage zu hinterlassen die am n\u00e4chsten Gesch\u00e4ftstag beantwortet wird.<\/span><\/p>\n<p><span style=\"font-family: arial, helvetica, sans-serif; font-size: 14pt;\">Bestellungen werden ausschlie\u00dflich nur per E-Mail angenommen, Nachrichtendienste wie Messenger oder Whatsapp Bestellungen werden nicht ber\u00fccksichtigt und aus logistischen und rechtlichen Gr\u00fcnden nicht bearbeitet.<\/span><\/p>\n<p><span style=\"font-family: arial, helvetica, sans-serif; font-size: 14pt;\"><strong>Bezahlung per \u00dcberweisung, kein Paypal. Versand in die Schweiz auf Anfrage.<\/strong><\/span><br \/>\n<span style=\"font-family: arial, helvetica, sans-serif; font-size: 14pt;\"><strong>R\u00fccksendekosten tr\u00e4gt der K\u00e4ufer. Selbstabholung nur nach vorheriger Terminabsprache m\u00f6glich!<\/strong><\/span><\/p>\n<h3><span style=\"font-family: arial, helvetica, sans-serif; font-size: 14pt;\">URHEBER- UND KENNZEICHENRECHT<\/span><\/h3>\n<p><span style=\"font-family: arial, helvetica, sans-serif; font-size: 14pt;\">Der Autor ist bestrebt, in allen Publikationen die Urheberrechte der verwendeten Bilder, Grafiken, Tondokumente, Videosequenzen und Texte zu beachten, von ihm selbst erstellte Bilder, Grafiken, Tondokumente, Videosequenzen und Texte zu nutzen oder auf lizenzfreie Grafiken, Tondokumente, Videosequenzen und Texte zur\u00fcckzugreifen. Alle innerhalb des Internetangebotes genannten und ggf. durch Dritte gesch\u00fctzten Marken- und Warenzeichen unterliegen uneingeschr\u00e4nkt den Bestimmungen des jeweils g\u00fcltigen Kennzeichenrechts und den Besitzrechten der jeweiligen eingetragenen Eigent\u00fcmer. Allein aufgrund der blo\u00dfen Nennung ist nicht der Schluss zu ziehen, dass Markenzeichen nicht durch Rechte Dritter gesch\u00fctzt sind! Das Copyright f\u00fcr ver\u00f6ffentlichte, vom Autor selbst erstellte Objekte bleibt allein beim Autor der Seiten. Eine Vervielf\u00e4ltigung oder Verwendung solcher Grafiken, Tondokumente, Videosequenzen und Texte in anderen elektronischen oder gedruckten Publikationen ist ohne ausdr\u00fcckliche Zustimmung des Autors nicht gestattet.<\/span><\/p>\n","protected":false},"excerpt":{"rendered":"<p>FIRMENWORTLAUT UND BEZEICHNUNG Andreas Wenzel Einzelunternehmen Handel und Handelsagent Teilebeschaffung f\u00fcr VW, Audi , Oldtimer und Youngtimer Gruberweg 7, 8504 Preding Mobil: + 43(0)699\/11778164 E-Mail: office@wenzel.co.at Handelsgewerbe mit Ausnahme der reglementierten Handelsgewerbe und Handelsagent. Teilebeschaffung f\u00fcr Fahrzeugbesitzer der Marken VW \u2013 Audi, deren Fahrzeuge \u00e4lter als 15 Jahre sind, diverser Internetforen und Oldtimer und Youngtimer&hellip; <a class=\"more-link\" href=\"https:\/\/wenzel.co.at\/wshop\/impressum-2\/\">Continue reading <span class=\"screen-reader-text\">Impressum<\/span><\/a><\/p>\n","protected":false},"author":1,"featured_media":0,"parent":0,"menu_order":0,"comment_status":"closed","ping_status":"closed","template":"","meta":{"footnotes":""},"class_list":["post-73","page","type-page","status-publish","hentry","entry"],"_links":{"self":[{"href":"https:\/\/wenzel.co.at\/wshop\/wp-json\/wp\/v2\/pages\/73","targetHints":{"allow":["GET"]}}],"collection":[{"href":"https:\/\/wenzel.co.at\/wshop\/wp-json\/wp\/v2\/pages"}],"about":[{"href":"https:\/\/wenzel.co.at\/wshop\/wp-json\/wp\/v2\/types\/page"}],"author":[{"embeddable":true,"href":"https:\/\/wenzel.co.at\/wshop\/wp-json\/wp\/v2\/users\/1"}],"replies":[{"embeddable":true,"href":"https:\/\/wenzel.co.at\/wshop\/wp-json\/wp\/v2\/comments?post=73"}],"version-history":[{"count":0,"href":"https:\/\/wenzel.co.at\/wshop\/wp-json\/wp\/v2\/pages\/73\/revisions"}],"wp:attachment":[{"href":"https:\/\/wenzel.co.at\/wshop\/wp-json\/wp\/v2\/media?parent=73"}],"curies":[{"name":"wp","href":"https:\/\/api.w.org\/{rel}","templated":true}]}}