{"id":74,"date":"2021-08-15T03:03:36","date_gmt":"2021-08-15T01:03:36","guid":{"rendered":"https:\/\/wenzel.co.at\/wshop\/?page_id=74"},"modified":"2026-04-14T14:50:46","modified_gmt":"2026-04-14T12:50:46","slug":"versandkosten","status":"publish","type":"page","link":"https:\/\/wenzel.co.at\/wshop\/versandkosten\/","title":{"rendered":"Versandkosten"},"content":{"rendered":"\r\n<div class=\"wp-block-group\"><div class=\"wp-block-group__inner-container is-layout-flow wp-block-group-is-layout-flow\">\r\n<div class=\"wp-block-columns is-style-default has-black-color has-text-color is-layout-flex wp-container-core-columns-is-layout-d0b3c9c8 wp-block-columns-is-layout-flex\">\r\n<div class=\"wp-block-column is-layout-flow wp-block-column-is-layout-flow\" style=\"--col-width:100;flex-basis: 100%;\">\r\n<p class=\"western\"><span style=\"color: #000000;\"><span style=\"font-family: arial, helvetica, sans-serif; font-size: 14pt;\">HIER FINDEN SIE UNSERE VERSANDKOSTENAUFSTELLUNG.<\/span><\/span><\/p>\r\n<p><span style=\"font-family: arial, helvetica, sans-serif; font-size: 14pt;\"><span style=\"color: #636363;\"><b><strong><span style=\"color: #333300;\">Alle Pakete werden <span style=\"font-size: 14pt;\">mi<\/span>t<\/span>\u00a0<\/strong><\/b><\/span><span style=\"color: #e20613;\"><b><strong>Dpd \/ Post\u00a0<\/strong><\/b><\/span><span style=\"color: #636363;\"><b><strong><span style=\"color: #333300;\">versendet<\/span>.<\/strong><\/b><\/span><\/span><\/p>\r\n<p><span style=\"color: #333300; font-family: arial, helvetica, sans-serif; font-size: 14pt;\"><b><strong>Gewichtstabelle nur f\u00fcr Shop intern. Umschl\u00fcsselung der Gewichtsangaben \/ Gewicht = Paket Gr\u00f6\u00dfe.<\/strong><\/b><\/span><\/p>\r\n<p><span style=\"color: #e20613; font-family: arial, helvetica, sans-serif; font-size: 14pt;\"><b><strong>Bei Versendung in die Schweiz und in Nicht-EU-L\u00e4nder tr\u00e4gt der Kunde die Zollgeb\u00fchren. Die H\u00f6he der Zollgeb\u00fchren h\u00e4ngt hierbei ab von der Art und dem Wert der Ware sowie dem Land, in das diese im Einzelfall versendet wird, ebenso beispielsweise Kosten der Geld\u00fcbermittlung wie zum Beispiel \u00dcberweisungs- oder Wechselkursgeb\u00fchren der Kreditinstitute.<\/strong><\/b><\/span><\/p>\r\n<p><span style=\"color: #333300; font-family: arial, helvetica, sans-serif; font-size: 14pt;\"><b><strong>Standardversand nach \u00d6sterreich:<\/strong><\/b><\/span><\/p>\r\n<table style=\"height: 243px;\" width=\"525\" cellspacing=\"0\" cellpadding=\"0\"><colgroup> <col width=\"110\" \/> <col width=\"58\" \/> <col width=\"67\" \/><\/colgroup>\r\n<tbody>\r\n<tr>\r\n<td width=\"110\"><span style=\"font-size: 14pt; font-family: arial, helvetica, sans-serif;\"><b><strong>Brief\u00a0<\/strong><\/b><\/span><\/td>\r\n<td width=\"58\"><span style=\"font-size: 14pt; font-family: arial, helvetica, sans-serif;\"><b><strong>0,5 kg<\/strong><\/b><\/span><\/td>\r\n<td width=\"67\"><span style=\"font-family: arial, helvetica, sans-serif; font-size: 14pt;\"><strong>\u20ac\u00a0 \u00a02,2<\/strong><b><strong>0<\/strong><\/b><\/span><\/td>\r\n<\/tr>\r\n<tr>\r\n<td width=\"110\"><span style=\"font-size: 14pt; font-family: arial, helvetica, sans-serif;\"><b><strong>Paket &#8220;S&#8221;<\/strong><\/b><\/span><\/td>\r\n<td width=\"58\"><span style=\"font-family: arial, helvetica, sans-serif; font-size: 14pt;\"><strong>\u00a0 \u00a0<\/strong><b><strong>2 kg<\/strong><\/b><\/span><\/td>\r\n<td width=\"67\"><span style=\"font-family: arial, helvetica, sans-serif; font-size: 14pt;\"><strong>\u20ac\u00a0 \u00a05,2<\/strong><b><strong>0<\/strong><\/b><\/span><\/td>\r\n<\/tr>\r\n<tr>\r\n<td width=\"110\"><span style=\"font-size: 14pt; font-family: arial, helvetica, sans-serif;\"><b><strong>Paket &#8220;M&#8221;\u00a0<\/strong><\/b><\/span><\/td>\r\n<td width=\"58\"><span style=\"font-family: arial, helvetica, sans-serif; font-size: 14pt;\"><strong>\u00a0 \u00a0<\/strong><b><strong>4 kg<\/strong><\/b><\/span><\/td>\r\n<td width=\"67\"><span style=\"font-family: arial, helvetica, sans-serif; font-size: 14pt;\"><strong>\u20ac\u00a0 \u00a07<\/strong><b><strong>,20<\/strong><\/b><\/span><\/td>\r\n<\/tr>\r\n<tr>\r\n<td width=\"110\"><span style=\"font-size: 14pt; font-family: arial, helvetica, sans-serif;\"><b><strong>Paket &#8220;L&#8221;<\/strong><\/b><\/span><\/td>\r\n<td width=\"58\"><span style=\"font-family: arial, helvetica, sans-serif; font-size: 14pt;\"><strong>\u00a0<\/strong><b><strong>10 kg<\/strong><\/b><\/span><\/td>\r\n<td width=\"67\"><span style=\"font-family: arial, helvetica, sans-serif; font-size: 14pt;\"><strong>\u20ac\u00a0 \u00a09<\/strong><b><strong>,20<\/strong><\/b><\/span><\/td>\r\n<\/tr>\r\n<tr>\r\n<td width=\"110\"><span style=\"font-size: 14pt; font-family: arial, helvetica, sans-serif;\"><b><strong>Paket &#8220;XL&#8221;<\/strong><\/b><\/span><\/td>\r\n<td width=\"58\"><span style=\"font-family: arial, helvetica, sans-serif; font-size: 14pt;\"><strong>\u00a0<\/strong><b><strong>20 kg<\/strong><\/b><\/span><\/td>\r\n<td width=\"67\"><span style=\"font-family: arial, helvetica, sans-serif; font-size: 14pt;\"><strong>\u20ac\u00a0<\/strong><b><strong>13,20<\/strong><\/b><\/span><\/td>\r\n<\/tr>\r\n<\/tbody>\r\n<\/table>\r\n<p><span style=\"color: #333300; font-family: arial, helvetica, sans-serif; font-size: 14pt;\"><b><strong>Standardversand Zone 1 (Deutschland, Slowakei, Slowenien, Tschechische Republik, Ungarn):<\/strong><\/b><\/span><\/p>\r\n<table style=\"height: 262px;\" width=\"525\" cellspacing=\"0\" cellpadding=\"0\"><colgroup> <col width=\"110\" \/> <col width=\"58\" \/> <col width=\"67\" \/><\/colgroup>\r\n<tbody>\r\n<tr>\r\n<td width=\"110\"><span style=\"font-size: 14pt; font-family: arial, helvetica, sans-serif;\"><b><strong>Brief<\/strong><\/b><\/span><\/td>\r\n<td width=\"58\"><span style=\"font-size: 14pt; font-family: arial, helvetica, sans-serif;\"><b><strong>0,5 kg<\/strong><\/b><\/span><\/td>\r\n<td width=\"67\"><span style=\"font-family: arial, helvetica, sans-serif; font-size: 14pt;\"><strong>\u20ac\u00a0 \u00a03,20<\/strong><\/span><\/td>\r\n<\/tr>\r\n<tr>\r\n<td width=\"110\"><span style=\"font-size: 14pt; font-family: arial, helvetica, sans-serif;\"><b><strong>Paket &#8220;S&#8221;<\/strong><\/b><\/span><\/td>\r\n<td width=\"58\"><span style=\"font-family: arial, helvetica, sans-serif; font-size: 14pt;\"><strong>\u00a0 \u00a0<\/strong><b><strong>2 kg<\/strong><\/b><\/span><\/td>\r\n<td width=\"67\"><span style=\"font-family: arial, helvetica, sans-serif; font-size: 14pt;\"><strong>\u20ac\u00a0<\/strong><b><strong>12,50<\/strong><\/b><\/span><\/td>\r\n<\/tr>\r\n<tr>\r\n<td width=\"110\"><span style=\"font-size: 14pt; font-family: arial, helvetica, sans-serif;\"><b><strong>Paket &#8220;M&#8221;<\/strong><\/b><\/span><\/td>\r\n<td width=\"58\"><span style=\"font-family: arial, helvetica, sans-serif; font-size: 14pt;\"><strong>\u00a0 \u00a0<\/strong><b><strong>4 kg<\/strong><\/b><\/span><\/td>\r\n<td width=\"67\"><span style=\"font-family: arial, helvetica, sans-serif; font-size: 14pt;\"><strong>\u20ac\u00a0<\/strong><b><strong>17,20<\/strong><\/b><\/span><\/td>\r\n<\/tr>\r\n<tr>\r\n<td width=\"110\"><span style=\"font-size: 14pt; font-family: arial, helvetica, sans-serif;\"><b><strong>Paket &#8220;L&#8221;<\/strong><\/b><\/span><\/td>\r\n<td width=\"58\"><span style=\"font-family: arial, helvetica, sans-serif; font-size: 14pt;\"><strong>\u00a0<\/strong><b><strong>10 kg<\/strong><\/b><\/span><\/td>\r\n<td width=\"67\"><span style=\"font-family: arial, helvetica, sans-serif; font-size: 14pt;\"><strong>\u20ac 20<\/strong><b><strong>,20<\/strong><\/b><\/span><\/td>\r\n<\/tr>\r\n<tr>\r\n<td width=\"110\"><span style=\"font-size: 14pt; font-family: arial, helvetica, sans-serif;\"><b><strong>Paket &#8220;XL&#8221;<\/strong><\/b><\/span><\/td>\r\n<td width=\"58\"><span style=\"font-family: arial, helvetica, sans-serif; font-size: 14pt;\"><strong>\u00a0<\/strong><b><strong>20 kg<\/strong><\/b><\/span><\/td>\r\n<td width=\"67\"><span style=\"font-family: arial, helvetica, sans-serif; font-size: 14pt;\"><strong>\u20ac\u00a0<\/strong><b><strong>24,20<\/strong><\/b><\/span><\/td>\r\n<\/tr>\r\n<\/tbody>\r\n<\/table>\r\n<p><span style=\"color: #333300; font-family: arial, helvetica, sans-serif; font-size: 14pt;\"><b><strong>Standardversand Zone 2 (Belgien, D\u00e4nemark, Frankreich, Italien, Kroatien, Luxenburg, Niederlande, Polen, Schweden):<\/strong><\/b><\/span><\/p>\r\n<table style=\"height: 128px;\" width=\"525\" cellspacing=\"0\" cellpadding=\"0\"><colgroup> <col width=\"110\" \/> <col width=\"58\" \/> <col width=\"67\" \/><\/colgroup>\r\n<tbody>\r\n<tr>\r\n<td width=\"110\"><span style=\"font-size: 14pt; font-family: arial, helvetica, sans-serif;\"><b><strong>Brief<\/strong><\/b><\/span><\/td>\r\n<td width=\"58\"><span style=\"font-size: 14pt; font-family: arial, helvetica, sans-serif;\"><b><strong>0,5 kg<\/strong><\/b><\/span><\/td>\r\n<td width=\"67\"><span style=\"font-family: arial, helvetica, sans-serif; font-size: 14pt;\"><strong>\u20ac\u00a0 \u00a03<\/strong><b><strong>,20<\/strong><\/b><\/span><\/td>\r\n<\/tr>\r\n<tr>\r\n<td width=\"110\"><span style=\"font-size: 14pt; font-family: arial, helvetica, sans-serif;\"><b><strong>Paket &#8220;S&#8221;<\/strong><\/b><\/span><\/td>\r\n<td width=\"58\"><span style=\"font-family: arial, helvetica, sans-serif; font-size: 14pt;\"><strong>\u00a0 \u00a0<\/strong><b><strong>2 kg<\/strong><\/b><\/span><\/td>\r\n<td width=\"67\"><span style=\"font-family: arial, helvetica, sans-serif; font-size: 14pt;\"><strong>\u20ac\u00a0<\/strong><b><strong>16.10<\/strong><\/b><\/span><\/td>\r\n<\/tr>\r\n<tr>\r\n<td width=\"110\"><span style=\"font-size: 14pt; font-family: arial, helvetica, sans-serif;\"><b><strong>Paket &#8220;M&#8221;<\/strong><\/b><\/span><\/td>\r\n<td width=\"58\"><span style=\"font-family: arial, helvetica, sans-serif; font-size: 14pt;\"><strong>\u00a0 \u00a0<\/strong><b><strong>4 kg<\/strong><\/b><\/span><\/td>\r\n<td width=\"67\"><span style=\"font-family: arial, helvetica, sans-serif; font-size: 14pt;\"><strong>\u20ac <\/strong><b><strong>21.10<\/strong><\/b><\/span><\/td>\r\n<\/tr>\r\n<tr>\r\n<td width=\"110\"><span style=\"font-size: 14pt; font-family: arial, helvetica, sans-serif;\"><b><strong>Paket &#8220;L&#8221;<\/strong><\/b><\/span><\/td>\r\n<td width=\"58\"><span style=\"font-family: arial, helvetica, sans-serif; font-size: 14pt;\"><strong>\u00a0<\/strong><b><strong>10 kg<\/strong><\/b><\/span><\/td>\r\n<td width=\"67\"><span style=\"font-family: arial, helvetica, sans-serif; font-size: 14pt;\"><strong>\u20ac\u00a0<\/strong><b><strong>26.10<\/strong><\/b><\/span><\/td>\r\n<\/tr>\r\n<tr>\r\n<td width=\"110\"><span style=\"font-size: 14pt; font-family: arial, helvetica, sans-serif;\"><b><strong>Paket &#8220;XL&#8221;<\/strong><\/b><\/span><\/td>\r\n<td width=\"58\"><span style=\"font-family: arial, helvetica, sans-serif; font-size: 14pt;\"><strong>\u00a0<\/strong><b><strong>20 kg<\/strong><\/b><\/span><\/td>\r\n<td width=\"67\"><span style=\"font-family: arial, helvetica, sans-serif; font-size: 14pt;\"><strong>\u20ac 30<\/strong><b><strong>.20<\/strong><\/b><\/span><\/td>\r\n<\/tr>\r\n<\/tbody>\r\n<\/table>\r\n<\/div>\r\n<\/div>\r\n<\/div><\/div>\r\n","protected":false},"excerpt":{"rendered":"<p>HIER FINDEN SIE UNSERE VERSANDKOSTENAUFSTELLUNG. Alle Pakete werden mit\u00a0Dpd \/ Post\u00a0versendet. Gewichtstabelle nur f\u00fcr Shop intern. Umschl\u00fcsselung der Gewichtsangaben \/ Gewicht = Paket Gr\u00f6\u00dfe. Bei Versendung in die Schweiz und in Nicht-EU-L\u00e4nder tr\u00e4gt der Kunde die Zollgeb\u00fchren. Die H\u00f6he der Zollgeb\u00fchren h\u00e4ngt hierbei ab von der Art und dem Wert der Ware sowie dem Land,&hellip; <a class=\"more-link\" href=\"https:\/\/wenzel.co.at\/wshop\/versandkosten\/\">Continue reading <span class=\"screen-reader-text\">Versandkosten<\/span><\/a><\/p>\n","protected":false},"author":1,"featured_media":0,"parent":0,"menu_order":0,"comment_status":"closed","ping_status":"closed","template":"","meta":{"footnotes":""},"class_list":["post-74","page","type-page","status-publish","hentry","entry"],"_links":{"self":[{"href":"https:\/\/wenzel.co.at\/wshop\/wp-json\/wp\/v2\/pages\/74","targetHints":{"allow":["GET"]}}],"collection":[{"href":"https:\/\/wenzel.co.at\/wshop\/wp-json\/wp\/v2\/pages"}],"about":[{"href":"https:\/\/wenzel.co.at\/wshop\/wp-json\/wp\/v2\/types\/page"}],"author":[{"embeddable":true,"href":"https:\/\/wenzel.co.at\/wshop\/wp-json\/wp\/v2\/users\/1"}],"replies":[{"embeddable":true,"href":"https:\/\/wenzel.co.at\/wshop\/wp-json\/wp\/v2\/comments?post=74"}],"version-history":[{"count":2,"href":"https:\/\/wenzel.co.at\/wshop\/wp-json\/wp\/v2\/pages\/74\/revisions"}],"predecessor-version":[{"id":2505,"href":"https:\/\/wenzel.co.at\/wshop\/wp-json\/wp\/v2\/pages\/74\/revisions\/2505"}],"wp:attachment":[{"href":"https:\/\/wenzel.co.at\/wshop\/wp-json\/wp\/v2\/media?parent=74"}],"curies":[{"name":"wp","href":"https:\/\/api.w.org\/{rel}","templated":true}]}}