{"id":75,"date":"2021-08-15T03:03:36","date_gmt":"2021-08-15T01:03:36","guid":{"rendered":"https:\/\/wenzel.co.at\/wshop\/?page_id=75"},"modified":"2021-08-23T19:27:55","modified_gmt":"2021-08-23T17:27:55","slug":"bestellvorgang-2","status":"publish","type":"page","link":"https:\/\/wenzel.co.at\/wshop\/bestellvorgang-2\/","title":{"rendered":"Bestellvorgang"},"content":{"rendered":"<p><span style=\"font-family: arial, helvetica, sans-serif; font-size: 14pt;\">BESTELLVORGANG, EINFACH UND BEQUEM BESTELLEN<\/span><\/p>\n<p><span style=\"font-family: arial, helvetica, sans-serif; font-size: 14pt;\">Wie kann ich bei wenzel.co.at bestellen?<\/span><\/p>\n<p><strong><span style=\"font-family: arial, helvetica, sans-serif; font-size: 14pt;\">1. Onlineshop<\/span><\/strong><\/p>\n<p><span style=\"font-family: arial, helvetica, sans-serif; font-size: 14pt;\">W\u00e4hlen Sie die Produkte aus, die Sie bestellen m\u00f6chten, indem Sie den &#8220;In den Warenkorb&#8221; Button anklicken. Dadurch wird Ihre Auswahl in den Warenkorb gelegt. Sie k\u00f6nnen diese Auswahl bis zum Absenden Ihrer Bestellung jederzeit ab\u00e4ndern, in dem Sie die Anzahl der Produkte \u00e4ndern. Durch Anklicken des K\u00e4stchens &#8220;Entfernen&#8221; k\u00f6nnen Sie die Auswahl l\u00f6schen oder den Bestellvorgang abbrechen. Durch Anklicken des Buttons &#8220;Warenkorb anzeigen&#8221; gelangen Sie zum n\u00e4chsten Bestellschritt.<\/span><\/p>\n<p><strong><span style=\"font-family: arial, helvetica, sans-serif; font-size: 14pt;\">2.<\/span><span style=\"font-family: arial, helvetica, sans-serif; font-size: 14pt;\"> Warenkorb<\/span><\/strong><\/p>\n<p><span style=\"font-family: arial, helvetica, sans-serif; font-size: 14pt;\">Im Warenkorb k\u00f6nnen Sie die Anzahl der befindlichen Waren anpassen, den Warenkorb aktualisieren und falls vorhanden einen Gutscheincode einl\u00f6sen. Durch Anklicken des Buttons \u201cWeiter zur Kassa\u201c gelangen sie zum n\u00e4chsten Bestellschritt.<\/span><\/p>\n<p><strong><span style=\"font-family: arial, helvetica, sans-serif; font-size: 14pt;\">3. Kassa<\/span><\/strong><\/p>\n<p><span style=\"font-family: arial, helvetica, sans-serif; font-size: 14pt;\">Falls Sie bereits ein Kundenkonto besitzen, melden Sie sich bitte mit Ihrer Email Adresse und Ihrem Passwort an, ansonsten registrieren Sie sich bitte als neuer Kunde. Ihre Daten werden unter Beachtung der datenschutzrechtlichen Bestimmungen erhoben, verarbeitet und genutzt (Datenschutzhinweis). Eine anderweitige Verwendung oder Weitergabe an Dritte erfolgt nicht. Sind Sie bereits angemeldet, k\u00f6nnen Sie nun die Rechnungsdetails ausf\u00fcllen.<\/span><\/p>\n<p><strong><span style=\"font-family: arial, helvetica, sans-serif; font-size: 14pt;\">4. Rechnungsdetails und Versanddetails pr\u00fcfen<span class=\"Apple-converted-space\">\u00a0<\/span><\/span><\/strong><\/p>\n<p><span style=\"font-family: arial, helvetica, sans-serif; font-size: 14pt;\">\u00dcberpr\u00fcfen Sie nun Ihre Rechnungsdetails und geben Sie Ihre gew\u00fcnschte Rechnungsadresse an. Falls eine gesonderte Versandadresse gew\u00fcnscht wird, kann diese mit dem Schieberegler \u201cLieferung an eine andere Adresse senden\u201c aktiviert und angegeben werden. Klicken sie das K\u00e4stchen des \u201cCAPTCHA\u201c an und folgen sie den Anweisungen. Anmerkungen zur<span class=\"Apple-converted-space\">\u00a0 <\/span>Bestellung<span class=\"Apple-converted-space\">\u00a0 <\/span>k\u00f6nnen im Feld \u201cAnmerkungen\u201c eingetragen werden. Mit dem Setzen eines Haken bei \u201cAGB und Widerrufsbelehrung\u201c und durch Anklicken des Buttons &#8220;Jetzt kaufen&#8221; \u00fcbersenden Sie Ihre Bestellung an uns. Hiermit geben Sie ein rechtsverbindliches Angebot ab<\/span><\/p>\n<p><strong><span style=\"font-family: arial, helvetica, sans-serif; font-size: 14pt;\">5. Bestellbest\u00e4tigung<\/span><\/strong><\/p>\n<p><span style=\"font-family: arial, helvetica, sans-serif; font-size: 14pt;\">Sie erhalten eine \u00dcbersicht Ihrer Bestellung, der ausgew\u00e4hlten Produkte, die Versand- und Rechnungsadresse, unsere Kontaktdaten und unsere Bankdaten.<span class=\"Apple-converted-space\">\u00a0<\/span><\/span><\/p>\n","protected":false},"excerpt":{"rendered":"<p>BESTELLVORGANG, EINFACH UND BEQUEM BESTELLEN Wie kann ich bei wenzel.co.at bestellen? 1. Onlineshop W\u00e4hlen Sie die Produkte aus, die Sie bestellen m\u00f6chten, indem Sie den &#8220;In den Warenkorb&#8221; Button anklicken. Dadurch wird Ihre Auswahl in den Warenkorb gelegt. Sie k\u00f6nnen diese Auswahl bis zum Absenden Ihrer Bestellung jederzeit ab\u00e4ndern, in dem Sie die Anzahl der&hellip; <a class=\"more-link\" href=\"https:\/\/wenzel.co.at\/wshop\/bestellvorgang-2\/\">Continue reading <span class=\"screen-reader-text\">Bestellvorgang<\/span><\/a><\/p>\n","protected":false},"author":1,"featured_media":0,"parent":0,"menu_order":0,"comment_status":"closed","ping_status":"closed","template":"","meta":{"footnotes":""},"class_list":["post-75","page","type-page","status-publish","hentry","entry"],"_links":{"self":[{"href":"https:\/\/wenzel.co.at\/wshop\/wp-json\/wp\/v2\/pages\/75","targetHints":{"allow":["GET"]}}],"collection":[{"href":"https:\/\/wenzel.co.at\/wshop\/wp-json\/wp\/v2\/pages"}],"about":[{"href":"https:\/\/wenzel.co.at\/wshop\/wp-json\/wp\/v2\/types\/page"}],"author":[{"embeddable":true,"href":"https:\/\/wenzel.co.at\/wshop\/wp-json\/wp\/v2\/users\/1"}],"replies":[{"embeddable":true,"href":"https:\/\/wenzel.co.at\/wshop\/wp-json\/wp\/v2\/comments?post=75"}],"version-history":[{"count":0,"href":"https:\/\/wenzel.co.at\/wshop\/wp-json\/wp\/v2\/pages\/75\/revisions"}],"wp:attachment":[{"href":"https:\/\/wenzel.co.at\/wshop\/wp-json\/wp\/v2\/media?parent=75"}],"curies":[{"name":"wp","href":"https:\/\/api.w.org\/{rel}","templated":true}]}}