{"id":1039,"date":"2021-09-10T09:13:38","date_gmt":"2021-09-10T07:13:38","guid":{"rendered":"https:\/\/wenzel.co.at\/wshop\/?post_type=product&#038;p=1039"},"modified":"2026-03-13T18:57:53","modified_gmt":"2026-03-13T17:57:53","slug":"stossfaengertraeger-rechts-audi-80-b1","status":"publish","type":"product","link":"https:\/\/wenzel.co.at\/wshop\/produkt\/stossfaengertraeger-rechts-audi-80-b1\/","title":{"rendered":"Sto\u00dff\u00e4ngertr\u00e4ger rechts Audi 80 B1 TNR 823807132D"},"content":{"rendered":"<p>Sto\u00dff\u00e4ngertr\u00e4ger rechts vorne, Audi 80 B1, TNR 823807132D, Neu, NOS<\/p>\n","protected":false},"excerpt":{"rendered":"<p>Sto\u00dff\u00e4ngertr\u00e4ger rechts vorne, Audi 80 B1, TNR 823807132D, Neu, NOS<\/p>\n","protected":false},"featured_media":1040,"template":"","meta":[],"product_brand":[],"product_cat":[54],"product_tag":[682,317,652,681,108,109,159,683,276],"class_list":{"0":"post-1039","1":"product","2":"type-product","3":"status-publish","4":"has-post-thumbnail","6":"product_cat-karosserie","7":"product_tag-823807132d","8":"product_tag-audi-80","9":"product_tag-audi-80-b1","10":"product_tag-audi-b1","11":"product_tag-neu","12":"product_tag-nos","13":"product_tag-rechts","14":"product_tag-stossfaengertraeger","15":"product_tag-vorne","16":"entry","18":"first","19":"outofstock","20":"shipping-taxable","21":"purchasable","22":"product-type-simple"},"_links":{"self":[{"href":"https:\/\/wenzel.co.at\/wshop\/wp-json\/wp\/v2\/product\/1039","targetHints":{"allow":["GET"]}}],"collection":[{"href":"https:\/\/wenzel.co.at\/wshop\/wp-json\/wp\/v2\/product"}],"about":[{"href":"https:\/\/wenzel.co.at\/wshop\/wp-json\/wp\/v2\/types\/product"}],"wp:featuredmedia":[{"embeddable":true,"href":"https:\/\/wenzel.co.at\/wshop\/wp-json\/wp\/v2\/media\/1040"}],"wp:attachment":[{"href":"https:\/\/wenzel.co.at\/wshop\/wp-json\/wp\/v2\/media?parent=1039"}],"wp:term":[{"taxonomy":"product_brand","embeddable":true,"href":"https:\/\/wenzel.co.at\/wshop\/wp-json\/wp\/v2\/product_brand?post=1039"},{"taxonomy":"product_cat","embeddable":true,"href":"https:\/\/wenzel.co.at\/wshop\/wp-json\/wp\/v2\/product_cat?post=1039"},{"taxonomy":"product_tag","embeddable":true,"href":"https:\/\/wenzel.co.at\/wshop\/wp-json\/wp\/v2\/product_tag?post=1039"}],"curies":[{"name":"wp","href":"https:\/\/api.w.org\/{rel}","templated":true}]}}