{"id":1098,"date":"2021-09-10T10:52:01","date_gmt":"2021-09-10T08:52:01","guid":{"rendered":"https:\/\/wenzel.co.at\/wshop\/?post_type=product&#038;p=1098"},"modified":"2021-09-11T13:53:17","modified_gmt":"2021-09-11T11:53:17","slug":"zuendschloss-inkl-2-audi-schluessel-innenbahn","status":"publish","type":"product","link":"https:\/\/wenzel.co.at\/wshop\/produkt\/zuendschloss-inkl-2-audi-schluessel-innenbahn\/","title":{"rendered":"Z\u00fcndschloss inkl. 2 Audi Schl\u00fcssel Innenbahn"},"content":{"rendered":"<p>Z\u00fcndschloss mit 2 Audi Schl\u00fcssel Innenbahn , passend A4 B5, A6 4B, A8 4D, gebraucht<\/p>\n","protected":false},"excerpt":{"rendered":"<p>Z\u00fcndschloss mit 2 Audi Schl\u00fcssel Innenbahn , passend A4 B5, A6 4B, A8 4D, gebraucht<\/p>\n","protected":false},"featured_media":1099,"template":"","meta":[],"product_brand":[],"product_cat":[47],"product_tag":[68,69,70,71,72,73,67],"class_list":{"0":"post-1098","1":"product","2":"type-product","3":"status-publish","4":"has-post-thumbnail","6":"product_cat-elektrik","7":"product_tag-a4-b5","8":"product_tag-a6-4b","9":"product_tag-a8-4d","10":"product_tag-audi-a4","11":"product_tag-audi-a6","12":"product_tag-audi-a8","13":"product_tag-zuendschloss","14":"entry","16":"first","17":"instock","18":"shipping-taxable","19":"purchasable","20":"product-type-simple"},"_links":{"self":[{"href":"https:\/\/wenzel.co.at\/wshop\/wp-json\/wp\/v2\/product\/1098","targetHints":{"allow":["GET"]}}],"collection":[{"href":"https:\/\/wenzel.co.at\/wshop\/wp-json\/wp\/v2\/product"}],"about":[{"href":"https:\/\/wenzel.co.at\/wshop\/wp-json\/wp\/v2\/types\/product"}],"wp:featuredmedia":[{"embeddable":true,"href":"https:\/\/wenzel.co.at\/wshop\/wp-json\/wp\/v2\/media\/1099"}],"wp:attachment":[{"href":"https:\/\/wenzel.co.at\/wshop\/wp-json\/wp\/v2\/media?parent=1098"}],"wp:term":[{"taxonomy":"product_brand","embeddable":true,"href":"https:\/\/wenzel.co.at\/wshop\/wp-json\/wp\/v2\/product_brand?post=1098"},{"taxonomy":"product_cat","embeddable":true,"href":"https:\/\/wenzel.co.at\/wshop\/wp-json\/wp\/v2\/product_cat?post=1098"},{"taxonomy":"product_tag","embeddable":true,"href":"https:\/\/wenzel.co.at\/wshop\/wp-json\/wp\/v2\/product_tag?post=1098"}],"curies":[{"name":"wp","href":"https:\/\/api.w.org\/{rel}","templated":true}]}}