{"id":1142,"date":"2021-09-12T17:33:49","date_gmt":"2021-09-12T15:33:49","guid":{"rendered":"https:\/\/wenzel.co.at\/wshop\/?post_type=product&#038;p=1142"},"modified":"2023-04-02T16:06:08","modified_gmt":"2023-04-02T14:06:08","slug":"vw-polo-2-stossstangenverstaerkung-2","status":"publish","type":"product","link":"https:\/\/wenzel.co.at\/wshop\/produkt\/vw-polo-2-stossstangenverstaerkung-2\/","title":{"rendered":"VW Polo 2 Sto\u00dfstangenverst\u00e4rkung"},"content":{"rendered":"<p>VW Polo 2, Sto\u00dfstangenverst\u00e4rkung vorne, Neu, bei BJ 10,90-94 passend<\/p>\n","protected":false},"excerpt":{"rendered":"<p>VW Polo 2, Sto\u00dfstangenverst\u00e4rkung vorne, Neu, bei BJ 10,90-94 passend<\/p>\n","protected":false},"featured_media":1143,"template":"","meta":[],"product_brand":[],"product_cat":[54],"product_tag":[108,235,236],"class_list":{"0":"post-1142","1":"product","2":"type-product","3":"status-publish","4":"has-post-thumbnail","6":"product_cat-karosserie","7":"product_tag-neu","8":"product_tag-polo-2","9":"product_tag-stosstangenverstaerkung","10":"entry","12":"first","13":"instock","14":"shipping-taxable","15":"purchasable","16":"product-type-simple"},"_links":{"self":[{"href":"https:\/\/wenzel.co.at\/wshop\/wp-json\/wp\/v2\/product\/1142","targetHints":{"allow":["GET"]}}],"collection":[{"href":"https:\/\/wenzel.co.at\/wshop\/wp-json\/wp\/v2\/product"}],"about":[{"href":"https:\/\/wenzel.co.at\/wshop\/wp-json\/wp\/v2\/types\/product"}],"wp:featuredmedia":[{"embeddable":true,"href":"https:\/\/wenzel.co.at\/wshop\/wp-json\/wp\/v2\/media\/1143"}],"wp:attachment":[{"href":"https:\/\/wenzel.co.at\/wshop\/wp-json\/wp\/v2\/media?parent=1142"}],"wp:term":[{"taxonomy":"product_brand","embeddable":true,"href":"https:\/\/wenzel.co.at\/wshop\/wp-json\/wp\/v2\/product_brand?post=1142"},{"taxonomy":"product_cat","embeddable":true,"href":"https:\/\/wenzel.co.at\/wshop\/wp-json\/wp\/v2\/product_cat?post=1142"},{"taxonomy":"product_tag","embeddable":true,"href":"https:\/\/wenzel.co.at\/wshop\/wp-json\/wp\/v2\/product_tag?post=1142"}],"curies":[{"name":"wp","href":"https:\/\/api.w.org\/{rel}","templated":true}]}}