{"id":1148,"date":"2021-09-12T17:39:11","date_gmt":"2021-09-12T15:39:11","guid":{"rendered":"https:\/\/wenzel.co.at\/wshop\/?post_type=product&#038;p=1148"},"modified":"2025-09-26T16:23:18","modified_gmt":"2025-09-26T14:23:18","slug":"reparatursatz-fuer-scheinwerfergehaeuse-rechts-vw-golf-4","status":"publish","type":"product","link":"https:\/\/wenzel.co.at\/wshop\/produkt\/reparatursatz-fuer-scheinwerfergehaeuse-rechts-vw-golf-4\/","title":{"rendered":"Reparatursatz f\u00fcr Scheinwerfergeh\u00e4use rechts VW Golf 4 TNR 1J0998226"},"content":{"rendered":"<p>Reparatursatz f\u00fcr Scheinwerfergeh\u00e4use rechts Original VW Golf 4 Halterung, TNR 1J0998226<\/p>\n","protected":false},"excerpt":{"rendered":"<p>Reparatursatz f\u00fcr Scheinwerfergeh\u00e4use rechts Original VW Golf 4 Halterung, TNR 1J0998226<\/p>\n","protected":false},"featured_media":1149,"template":"","meta":[],"product_brand":[],"product_cat":[54],"product_tag":[161,79,159,162,163,34],"class_list":{"0":"post-1148","1":"product","2":"type-product","3":"status-publish","4":"has-post-thumbnail","6":"product_cat-karosserie","7":"product_tag-1j0998226","8":"product_tag-golf-4","9":"product_tag-rechts","10":"product_tag-reparatursatz","11":"product_tag-scheinwerfergehaeuse","12":"product_tag-vw","13":"entry","15":"first","16":"outofstock","17":"shipping-taxable","18":"purchasable","19":"product-type-simple"},"_links":{"self":[{"href":"https:\/\/wenzel.co.at\/wshop\/wp-json\/wp\/v2\/product\/1148","targetHints":{"allow":["GET"]}}],"collection":[{"href":"https:\/\/wenzel.co.at\/wshop\/wp-json\/wp\/v2\/product"}],"about":[{"href":"https:\/\/wenzel.co.at\/wshop\/wp-json\/wp\/v2\/types\/product"}],"wp:featuredmedia":[{"embeddable":true,"href":"https:\/\/wenzel.co.at\/wshop\/wp-json\/wp\/v2\/media\/1149"}],"wp:attachment":[{"href":"https:\/\/wenzel.co.at\/wshop\/wp-json\/wp\/v2\/media?parent=1148"}],"wp:term":[{"taxonomy":"product_brand","embeddable":true,"href":"https:\/\/wenzel.co.at\/wshop\/wp-json\/wp\/v2\/product_brand?post=1148"},{"taxonomy":"product_cat","embeddable":true,"href":"https:\/\/wenzel.co.at\/wshop\/wp-json\/wp\/v2\/product_cat?post=1148"},{"taxonomy":"product_tag","embeddable":true,"href":"https:\/\/wenzel.co.at\/wshop\/wp-json\/wp\/v2\/product_tag?post=1148"}],"curies":[{"name":"wp","href":"https:\/\/api.w.org\/{rel}","templated":true}]}}