{"id":1165,"date":"2021-09-12T17:51:20","date_gmt":"2021-09-12T15:51:20","guid":{"rendered":"https:\/\/wenzel.co.at\/wshop\/?post_type=product&#038;p=1165"},"modified":"2021-09-12T18:53:12","modified_gmt":"2021-09-12T16:53:12","slug":"bremskloetze-fuer-audi-a6-4f-a8-4e-vorne","status":"publish","type":"product","link":"https:\/\/wenzel.co.at\/wshop\/produkt\/bremskloetze-fuer-audi-a6-4f-a8-4e-vorne\/","title":{"rendered":"Bremskl\u00f6tze f\u00fcr Audi A6 4F, A8 4E, vorne TNR 4E0698151"},"content":{"rendered":"<p>Bremskl\u00f6tze f\u00fcr Audi A6 4F,A8 4E, VW Phaeton 3D, vorne, TNR 4E0698151,Neu, NOS<\/p>\n","protected":false},"excerpt":{"rendered":"<p>Bremskl\u00f6tze f\u00fcr Audi A6 4F,A8 4E, VW Phaeton 3D, vorne, TNR 4E0698151,Neu, NOS<\/p>\n","protected":false},"featured_media":1166,"template":"","meta":[],"product_brand":[],"product_cat":[56],"product_tag":[205,72,206,73,207,210,108,109,208,209,34],"class_list":{"0":"post-1165","1":"product","2":"type-product","3":"status-publish","4":"has-post-thumbnail","6":"product_cat-fahrwerk","7":"product_tag-205","8":"product_tag-audi-a6","9":"product_tag-audi-a6-4f","10":"product_tag-audi-a8","11":"product_tag-audi-a8-4e","12":"product_tag-bremskloetze","13":"product_tag-neu","14":"product_tag-nos","15":"product_tag-phaeton","16":"product_tag-phaeton-3d","17":"product_tag-vw","18":"entry","20":"first","21":"instock","22":"shipping-taxable","23":"purchasable","24":"product-type-simple"},"_links":{"self":[{"href":"https:\/\/wenzel.co.at\/wshop\/wp-json\/wp\/v2\/product\/1165","targetHints":{"allow":["GET"]}}],"collection":[{"href":"https:\/\/wenzel.co.at\/wshop\/wp-json\/wp\/v2\/product"}],"about":[{"href":"https:\/\/wenzel.co.at\/wshop\/wp-json\/wp\/v2\/types\/product"}],"wp:featuredmedia":[{"embeddable":true,"href":"https:\/\/wenzel.co.at\/wshop\/wp-json\/wp\/v2\/media\/1166"}],"wp:attachment":[{"href":"https:\/\/wenzel.co.at\/wshop\/wp-json\/wp\/v2\/media?parent=1165"}],"wp:term":[{"taxonomy":"product_brand","embeddable":true,"href":"https:\/\/wenzel.co.at\/wshop\/wp-json\/wp\/v2\/product_brand?post=1165"},{"taxonomy":"product_cat","embeddable":true,"href":"https:\/\/wenzel.co.at\/wshop\/wp-json\/wp\/v2\/product_cat?post=1165"},{"taxonomy":"product_tag","embeddable":true,"href":"https:\/\/wenzel.co.at\/wshop\/wp-json\/wp\/v2\/product_tag?post=1165"}],"curies":[{"name":"wp","href":"https:\/\/api.w.org\/{rel}","templated":true}]}}