{"id":1179,"date":"2021-09-12T18:03:02","date_gmt":"2021-09-12T16:03:02","guid":{"rendered":"https:\/\/wenzel.co.at\/wshop\/?post_type=product&#038;p=1179"},"modified":"2021-09-12T18:38:59","modified_gmt":"2021-09-12T16:38:59","slug":"oelruecklaufleitung-vw-t3-bus-td","status":"publish","type":"product","link":"https:\/\/wenzel.co.at\/wshop\/produkt\/oelruecklaufleitung-vw-t3-bus-td\/","title":{"rendered":"\u00d6lr\u00fccklaufleitung VW T3 Bus TD TNR 068145735B"},"content":{"rendered":"<p>\u00d6lr\u00fccklaufleitung mit flexiblem Zwischenst\u00fcck \/ R\u00fccklaufleitung, TNR 068145735B, zwischen Turbolader und \u00d6lwanne vom VW Bus T3 1.6TD, auch Syncro, 08\/84-07\/92, Neu, NOS, passender Anschlussstutzen unter Artikelnummer 416 verf\u00fcgbar<\/p>\n","protected":false},"excerpt":{"rendered":"<p>\u00d6lr\u00fccklaufleitung mit flexiblem Zwischenst\u00fcck \/ R\u00fccklaufleitung, TNR 068145735B, zwischen Turbolader und \u00d6lwanne vom VW Bus T3 1.6TD, auch Syncro, 08\/84-07\/92, Neu, NOS, passender Anschlussstutzen unter Artikelnummer 416 verf\u00fcgbar<\/p>\n","protected":false},"featured_media":1182,"template":"","meta":[],"product_brand":[],"product_cat":[41],"product_tag":[174,108,109,178,177,176,180,175],"class_list":{"0":"post-1179","1":"product","2":"type-product","3":"status-publish","4":"has-post-thumbnail","6":"product_cat-motor","7":"product_tag-068145735b","8":"product_tag-neu","9":"product_tag-nos","10":"product_tag-oelruecklaufleitung","11":"product_tag-syncro","12":"product_tag-t3","13":"product_tag-turbodiesel","14":"product_tag-vw-bus","15":"entry","17":"first","18":"instock","19":"shipping-taxable","20":"purchasable","21":"product-type-simple"},"_links":{"self":[{"href":"https:\/\/wenzel.co.at\/wshop\/wp-json\/wp\/v2\/product\/1179","targetHints":{"allow":["GET"]}}],"collection":[{"href":"https:\/\/wenzel.co.at\/wshop\/wp-json\/wp\/v2\/product"}],"about":[{"href":"https:\/\/wenzel.co.at\/wshop\/wp-json\/wp\/v2\/types\/product"}],"wp:featuredmedia":[{"embeddable":true,"href":"https:\/\/wenzel.co.at\/wshop\/wp-json\/wp\/v2\/media\/1182"}],"wp:attachment":[{"href":"https:\/\/wenzel.co.at\/wshop\/wp-json\/wp\/v2\/media?parent=1179"}],"wp:term":[{"taxonomy":"product_brand","embeddable":true,"href":"https:\/\/wenzel.co.at\/wshop\/wp-json\/wp\/v2\/product_brand?post=1179"},{"taxonomy":"product_cat","embeddable":true,"href":"https:\/\/wenzel.co.at\/wshop\/wp-json\/wp\/v2\/product_cat?post=1179"},{"taxonomy":"product_tag","embeddable":true,"href":"https:\/\/wenzel.co.at\/wshop\/wp-json\/wp\/v2\/product_tag?post=1179"}],"curies":[{"name":"wp","href":"https:\/\/api.w.org\/{rel}","templated":true}]}}