{"id":1199,"date":"2021-09-12T18:18:08","date_gmt":"2021-09-12T16:18:08","guid":{"rendered":"https:\/\/wenzel.co.at\/wshop\/?post_type=product&#038;p=1199"},"modified":"2023-06-17T22:12:05","modified_gmt":"2023-06-17T20:12:05","slug":"fire-und-ice-kotfluegel-emblem-golf-2-set","status":"publish","type":"product","link":"https:\/\/wenzel.co.at\/wshop\/produkt\/fire-und-ice-kotfluegel-emblem-golf-2-set\/","title":{"rendered":"Fire und Ice Kotfl\u00fcgel Emblem Golf 2 Set"},"content":{"rendered":"<p>Fire und Ice Kotfl\u00fcgel Emblem Golf 2 Set (2 Stk.), gebraucht, Spuren von Kratzer und leichten Besch\u00e4digungen siehe Foto,1 Halter gebrochen.<\/p>\n","protected":false},"excerpt":{"rendered":"<p>Fire und Ice Kotfl\u00fcgel Emblem Golf 2 Set (2 Stk.), gebraucht, Spuren von Kratzer und leichten Besch\u00e4digungen siehe Foto,1 Halter gebrochen.<\/p>\n","protected":false},"featured_media":1200,"template":"","meta":[],"product_brand":[],"product_cat":[57],"product_tag":[195,160,101,196,194],"class_list":{"0":"post-1199","1":"product","2":"type-product","3":"status-publish","4":"has-post-thumbnail","6":"product_cat-zubehoer","7":"product_tag-fire-und-ice","8":"product_tag-gebraucht","9":"product_tag-golf-2","10":"product_tag-kotfluegel-emblem","11":"product_tag-kotfluegel-emblem-golf-2","12":"entry","14":"first","15":"outofstock","16":"shipping-taxable","17":"purchasable","18":"product-type-simple"},"_links":{"self":[{"href":"https:\/\/wenzel.co.at\/wshop\/wp-json\/wp\/v2\/product\/1199","targetHints":{"allow":["GET"]}}],"collection":[{"href":"https:\/\/wenzel.co.at\/wshop\/wp-json\/wp\/v2\/product"}],"about":[{"href":"https:\/\/wenzel.co.at\/wshop\/wp-json\/wp\/v2\/types\/product"}],"wp:featuredmedia":[{"embeddable":true,"href":"https:\/\/wenzel.co.at\/wshop\/wp-json\/wp\/v2\/media\/1200"}],"wp:attachment":[{"href":"https:\/\/wenzel.co.at\/wshop\/wp-json\/wp\/v2\/media?parent=1199"}],"wp:term":[{"taxonomy":"product_brand","embeddable":true,"href":"https:\/\/wenzel.co.at\/wshop\/wp-json\/wp\/v2\/product_brand?post=1199"},{"taxonomy":"product_cat","embeddable":true,"href":"https:\/\/wenzel.co.at\/wshop\/wp-json\/wp\/v2\/product_cat?post=1199"},{"taxonomy":"product_tag","embeddable":true,"href":"https:\/\/wenzel.co.at\/wshop\/wp-json\/wp\/v2\/product_tag?post=1199"}],"curies":[{"name":"wp","href":"https:\/\/api.w.org\/{rel}","templated":true}]}}