{"id":1464,"date":"2021-12-28T09:15:56","date_gmt":"2021-12-28T08:15:56","guid":{"rendered":"https:\/\/wenzel.co.at\/wshop\/?post_type=product&#038;p=1464"},"modified":"2021-12-28T14:33:11","modified_gmt":"2021-12-28T13:33:11","slug":"bulli-gruen-umhaengetasche","status":"publish","type":"product","link":"https:\/\/wenzel.co.at\/wshop\/produkt\/bulli-gruen-umhaengetasche\/","title":{"rendered":"Bulli gr\u00fcn Umh\u00e4ngetasche"},"content":{"rendered":"<p>Bulli gr\u00fcn Umh\u00e4ngetasche, ca 25\u00d725 cm, Neu, Unikat, Handarbeit<\/p>\n","protected":false},"excerpt":{"rendered":"<p>Bulli gr\u00fcn Umh\u00e4ngetasche, ca 25\u00d725 cm, Neu, Unikat, Handarbeit<\/p>\n","protected":false},"featured_media":1466,"template":"","meta":[],"product_brand":[],"product_cat":[15],"product_tag":[1192,1163,1168,108,1157,1226,1208],"class_list":{"0":"post-1464","1":"product","2":"type-product","3":"status-publish","4":"has-post-thumbnail","6":"product_cat-werbeartikel","7":"product_tag-bulli","8":"product_tag-gruen","9":"product_tag-handarbeit","10":"product_tag-neu","11":"product_tag-tasche","12":"product_tag-umhaengetasche","13":"product_tag-unikat","14":"entry","16":"first","17":"instock","18":"shipping-taxable","19":"purchasable","20":"product-type-simple"},"_links":{"self":[{"href":"https:\/\/wenzel.co.at\/wshop\/wp-json\/wp\/v2\/product\/1464","targetHints":{"allow":["GET"]}}],"collection":[{"href":"https:\/\/wenzel.co.at\/wshop\/wp-json\/wp\/v2\/product"}],"about":[{"href":"https:\/\/wenzel.co.at\/wshop\/wp-json\/wp\/v2\/types\/product"}],"wp:featuredmedia":[{"embeddable":true,"href":"https:\/\/wenzel.co.at\/wshop\/wp-json\/wp\/v2\/media\/1466"}],"wp:attachment":[{"href":"https:\/\/wenzel.co.at\/wshop\/wp-json\/wp\/v2\/media?parent=1464"}],"wp:term":[{"taxonomy":"product_brand","embeddable":true,"href":"https:\/\/wenzel.co.at\/wshop\/wp-json\/wp\/v2\/product_brand?post=1464"},{"taxonomy":"product_cat","embeddable":true,"href":"https:\/\/wenzel.co.at\/wshop\/wp-json\/wp\/v2\/product_cat?post=1464"},{"taxonomy":"product_tag","embeddable":true,"href":"https:\/\/wenzel.co.at\/wshop\/wp-json\/wp\/v2\/product_tag?post=1464"}],"curies":[{"name":"wp","href":"https:\/\/api.w.org\/{rel}","templated":true}]}}