{"id":1512,"date":"2022-01-04T10:07:32","date_gmt":"2022-01-04T09:07:32","guid":{"rendered":"https:\/\/wenzel.co.at\/wshop\/?post_type=product&#038;p=1512"},"modified":"2024-02-09T13:23:16","modified_gmt":"2024-02-09T12:23:16","slug":"golf-2-kuehlergrill-blende-luftfuehrung","status":"publish","type":"product","link":"https:\/\/wenzel.co.at\/wshop\/produkt\/golf-2-kuehlergrill-blende-luftfuehrung\/","title":{"rendered":"Golf 2 K\u00fchlergrill Blende Luftf\u00fchrung TNR 191853664"},"content":{"rendered":"<p>Golf 2 K\u00fchlergrill Blende Luftf\u00fchrung rechts im Grill zum einh\u00e4ngen, Neu, Nos, Lagerspuren, TNR 191853664<\/p>\n","protected":false},"excerpt":{"rendered":"<p>Golf 2 K\u00fchlergrill Blende Luftf\u00fchrung rechts im Grill zum einh\u00e4ngen, Neu, Nos, Lagerspuren, TNR 191853664<\/p>\n","protected":false},"featured_media":1513,"template":"","meta":[],"product_brand":[],"product_cat":[54],"product_tag":[1295,1267,101,234,1268,1266,108,109],"class_list":{"0":"post-1512","1":"product","2":"type-product","3":"status-publish","4":"has-post-thumbnail","6":"product_cat-karosserie","7":"product_tag-1295","8":"product_tag-blende","9":"product_tag-golf-2","10":"product_tag-kuehlergrill","11":"product_tag-lagerspuren","12":"product_tag-luftfuehrung","13":"product_tag-neu","14":"product_tag-nos","15":"entry","17":"first","18":"instock","19":"shipping-taxable","20":"purchasable","21":"product-type-simple"},"_links":{"self":[{"href":"https:\/\/wenzel.co.at\/wshop\/wp-json\/wp\/v2\/product\/1512","targetHints":{"allow":["GET"]}}],"collection":[{"href":"https:\/\/wenzel.co.at\/wshop\/wp-json\/wp\/v2\/product"}],"about":[{"href":"https:\/\/wenzel.co.at\/wshop\/wp-json\/wp\/v2\/types\/product"}],"wp:featuredmedia":[{"embeddable":true,"href":"https:\/\/wenzel.co.at\/wshop\/wp-json\/wp\/v2\/media\/1513"}],"wp:attachment":[{"href":"https:\/\/wenzel.co.at\/wshop\/wp-json\/wp\/v2\/media?parent=1512"}],"wp:term":[{"taxonomy":"product_brand","embeddable":true,"href":"https:\/\/wenzel.co.at\/wshop\/wp-json\/wp\/v2\/product_brand?post=1512"},{"taxonomy":"product_cat","embeddable":true,"href":"https:\/\/wenzel.co.at\/wshop\/wp-json\/wp\/v2\/product_cat?post=1512"},{"taxonomy":"product_tag","embeddable":true,"href":"https:\/\/wenzel.co.at\/wshop\/wp-json\/wp\/v2\/product_tag?post=1512"}],"curies":[{"name":"wp","href":"https:\/\/api.w.org\/{rel}","templated":true}]}}