{"id":1522,"date":"2022-01-04T10:57:49","date_gmt":"2022-01-04T09:57:49","guid":{"rendered":"https:\/\/wenzel.co.at\/wshop\/?post_type=product&#038;p=1522"},"modified":"2022-01-04T10:57:49","modified_gmt":"2022-01-04T09:57:49","slug":"briefmarke-vw-kaefer-postfrisch","status":"publish","type":"product","link":"https:\/\/wenzel.co.at\/wshop\/produkt\/briefmarke-vw-kaefer-postfrisch\/","title":{"rendered":"Briefmarke Vw K\u00e4fer Postfrisch"},"content":{"rendered":"<p>Briefmarke Vw K\u00e4fer, Postfrisch, \u00d6sterreich, Sammlerst\u00fcck, Neu<\/p>\n","protected":false},"excerpt":{"rendered":"<p>Briefmarke Vw K\u00e4fer, Postfrisch, \u00d6sterreich, Sammlerst\u00fcck, Neu<\/p>\n","protected":false},"featured_media":1523,"template":"","meta":[],"product_brand":[],"product_cat":[15],"product_tag":[1283,108,1284,1282,478,1285,150],"class_list":{"0":"post-1522","1":"product","2":"type-product","3":"status-publish","4":"has-post-thumbnail","6":"product_cat-werbeartikel","7":"product_tag-briefmarke","8":"product_tag-neu","9":"product_tag-oesterreich","10":"product_tag-postfrisch","11":"product_tag-sammlerstueck","12":"product_tag-sammlerware","13":"product_tag-vw-kaefer","14":"entry","16":"first","17":"instock","18":"shipping-taxable","19":"purchasable","20":"product-type-simple"},"_links":{"self":[{"href":"https:\/\/wenzel.co.at\/wshop\/wp-json\/wp\/v2\/product\/1522","targetHints":{"allow":["GET"]}}],"collection":[{"href":"https:\/\/wenzel.co.at\/wshop\/wp-json\/wp\/v2\/product"}],"about":[{"href":"https:\/\/wenzel.co.at\/wshop\/wp-json\/wp\/v2\/types\/product"}],"wp:featuredmedia":[{"embeddable":true,"href":"https:\/\/wenzel.co.at\/wshop\/wp-json\/wp\/v2\/media\/1523"}],"wp:attachment":[{"href":"https:\/\/wenzel.co.at\/wshop\/wp-json\/wp\/v2\/media?parent=1522"}],"wp:term":[{"taxonomy":"product_brand","embeddable":true,"href":"https:\/\/wenzel.co.at\/wshop\/wp-json\/wp\/v2\/product_brand?post=1522"},{"taxonomy":"product_cat","embeddable":true,"href":"https:\/\/wenzel.co.at\/wshop\/wp-json\/wp\/v2\/product_cat?post=1522"},{"taxonomy":"product_tag","embeddable":true,"href":"https:\/\/wenzel.co.at\/wshop\/wp-json\/wp\/v2\/product_tag?post=1522"}],"curies":[{"name":"wp","href":"https:\/\/api.w.org\/{rel}","templated":true}]}}