{"id":1568,"date":"2022-01-12T11:35:20","date_gmt":"2022-01-12T10:35:20","guid":{"rendered":"https:\/\/wenzel.co.at\/wshop\/?post_type=product&#038;p=1568"},"modified":"2024-09-04T20:42:12","modified_gmt":"2024-09-04T18:42:12","slug":"vw-rline-schluesselanhaenger","status":"publish","type":"product","link":"https:\/\/wenzel.co.at\/wshop\/produkt\/vw-rline-schluesselanhaenger\/","title":{"rendered":"Vw Rline Schl\u00fcsselanh\u00e4nger"},"content":{"rendered":"<p>Vw Rline Schl\u00fcsselanh\u00e4nger, neu, ca. 6cm mit Anh\u00e4nger<\/p>\n","protected":false},"excerpt":{"rendered":"<p>Vw Rline Schl\u00fcsselanh\u00e4nger, neu, ca. 6cm mit Anh\u00e4nger<\/p>\n","protected":false},"featured_media":1569,"template":"","meta":[],"product_brand":[],"product_cat":[15],"product_tag":[108,1297,1159,474,34],"class_list":{"0":"post-1568","1":"product","2":"type-product","3":"status-publish","4":"has-post-thumbnail","6":"product_cat-werbeartikel","7":"product_tag-neu","8":"product_tag-rline","9":"product_tag-schluesselanhaenger","10":"product_tag-volkswagen","11":"product_tag-vw","12":"entry","14":"first","15":"outofstock","16":"shipping-taxable","17":"purchasable","18":"product-type-simple"},"_links":{"self":[{"href":"https:\/\/wenzel.co.at\/wshop\/wp-json\/wp\/v2\/product\/1568","targetHints":{"allow":["GET"]}}],"collection":[{"href":"https:\/\/wenzel.co.at\/wshop\/wp-json\/wp\/v2\/product"}],"about":[{"href":"https:\/\/wenzel.co.at\/wshop\/wp-json\/wp\/v2\/types\/product"}],"wp:featuredmedia":[{"embeddable":true,"href":"https:\/\/wenzel.co.at\/wshop\/wp-json\/wp\/v2\/media\/1569"}],"wp:attachment":[{"href":"https:\/\/wenzel.co.at\/wshop\/wp-json\/wp\/v2\/media?parent=1568"}],"wp:term":[{"taxonomy":"product_brand","embeddable":true,"href":"https:\/\/wenzel.co.at\/wshop\/wp-json\/wp\/v2\/product_brand?post=1568"},{"taxonomy":"product_cat","embeddable":true,"href":"https:\/\/wenzel.co.at\/wshop\/wp-json\/wp\/v2\/product_cat?post=1568"},{"taxonomy":"product_tag","embeddable":true,"href":"https:\/\/wenzel.co.at\/wshop\/wp-json\/wp\/v2\/product_tag?post=1568"}],"curies":[{"name":"wp","href":"https:\/\/api.w.org\/{rel}","templated":true}]}}