{"id":1665,"date":"2022-01-18T13:06:31","date_gmt":"2022-01-18T12:06:31","guid":{"rendered":"https:\/\/wenzel.co.at\/wshop\/?post_type=product&#038;p=1665"},"modified":"2022-01-18T13:13:06","modified_gmt":"2022-01-18T12:13:06","slug":"drehstablager-urethan-set-mit-zapfen-47-6mm","status":"publish","type":"product","link":"https:\/\/wenzel.co.at\/wshop\/produkt\/drehstablager-urethan-set-mit-zapfen-47-6mm\/","title":{"rendered":"Drehstablager Urethan Set mit Zapfen 47.6mm"},"content":{"rendered":"<p>Drehstablager Urethan Set mit Zapfen 47.6mm, Vw K\u00e4fer und Karmann 8.59- innen, Vw K\u00e4fer und Karmann 8.59- au\u00dfen, Typ 181 (K\u00fcbel) 8.69-12.79 innen, Porsche 356 C .64- .65 au\u00dfen, Neu, Set (2 Stk.), Neu<\/p>\n","protected":false},"excerpt":{"rendered":"<p>Drehstablager Urethan Set mit Zapfen 47.6mm, Vw K\u00e4fer und Karmann 8.59- innen, Vw K\u00e4fer und Karmann 8.59- au\u00dfen, Typ 181 (K\u00fcbel) 8.69-12.79 innen, Porsche 356 C .64- .65 au\u00dfen, Neu, Set (2 Stk.), Neu<\/p>\n","protected":false},"featured_media":1666,"template":"","meta":[],"product_brand":[],"product_cat":[56],"product_tag":[1379,522,1384,1381,108,1385,550,885,1380,34,150],"class_list":{"0":"post-1665","1":"product","2":"type-product","3":"status-publish","4":"has-post-thumbnail","6":"product_cat-fahrwerk","7":"product_tag-drehstablager","8":"product_tag-karmann","9":"product_tag-kuebelwagen","10":"product_tag-mit-zapfen","11":"product_tag-neu","12":"product_tag-porsche-356c","13":"product_tag-set","14":"product_tag-typ-181","15":"product_tag-urethan","16":"product_tag-vw","17":"product_tag-vw-kaefer","18":"entry","20":"first","21":"instock","22":"shipping-taxable","23":"purchasable","24":"product-type-simple"},"_links":{"self":[{"href":"https:\/\/wenzel.co.at\/wshop\/wp-json\/wp\/v2\/product\/1665","targetHints":{"allow":["GET"]}}],"collection":[{"href":"https:\/\/wenzel.co.at\/wshop\/wp-json\/wp\/v2\/product"}],"about":[{"href":"https:\/\/wenzel.co.at\/wshop\/wp-json\/wp\/v2\/types\/product"}],"wp:featuredmedia":[{"embeddable":true,"href":"https:\/\/wenzel.co.at\/wshop\/wp-json\/wp\/v2\/media\/1666"}],"wp:attachment":[{"href":"https:\/\/wenzel.co.at\/wshop\/wp-json\/wp\/v2\/media?parent=1665"}],"wp:term":[{"taxonomy":"product_brand","embeddable":true,"href":"https:\/\/wenzel.co.at\/wshop\/wp-json\/wp\/v2\/product_brand?post=1665"},{"taxonomy":"product_cat","embeddable":true,"href":"https:\/\/wenzel.co.at\/wshop\/wp-json\/wp\/v2\/product_cat?post=1665"},{"taxonomy":"product_tag","embeddable":true,"href":"https:\/\/wenzel.co.at\/wshop\/wp-json\/wp\/v2\/product_tag?post=1665"}],"curies":[{"name":"wp","href":"https:\/\/api.w.org\/{rel}","templated":true}]}}