{"id":1667,"date":"2022-01-18T13:10:56","date_gmt":"2022-01-18T12:10:56","guid":{"rendered":"https:\/\/wenzel.co.at\/wshop\/?post_type=product&#038;p=1667"},"modified":"2022-01-18T13:13:29","modified_gmt":"2022-01-18T12:13:29","slug":"drehstablager-urethan-rund-47-6mm","status":"publish","type":"product","link":"https:\/\/wenzel.co.at\/wshop\/produkt\/drehstablager-urethan-rund-47-6mm\/","title":{"rendered":"Drehstablager Urethan rund 47.6mm"},"content":{"rendered":"<p>Drehstablager Urethan rund 47.6mm, Vw K\u00e4fer, Karmann 8.68- au\u00dfen(Schr\u00e4glenker), Typ 181 (K\u00fcbel) 3.73-12.79 au\u00dfen<br \/>\n(Schr\u00e4glenker), Porsche 356 .50- .65 innen, Porsche 356 .50- .63 au\u00dfen, Neu, Set(2 Stk.)<\/p>\n","protected":false},"excerpt":{"rendered":"<p>Drehstablager Urethan rund 47.6mm, Vw K\u00e4fer, Karmann 8.68- au\u00dfen(Schr\u00e4glenker), Typ 181 (K\u00fcbel) 3.73-12.79 au\u00dfen (Schr\u00e4glenker), Porsche 356 .50- .65 innen, Porsche 356 .50- .63 au\u00dfen, Neu, Set(2 Stk.)<\/p>\n","protected":false},"featured_media":1668,"template":"","meta":[],"product_brand":[],"product_cat":[56],"product_tag":[1379,522,1384,108,1388,305,1389,550,885,1386,34,150],"class_list":{"0":"post-1667","1":"product","2":"type-product","3":"status-publish","4":"has-post-thumbnail","6":"product_cat-fahrwerk","7":"product_tag-drehstablager","8":"product_tag-karmann","9":"product_tag-kuebelwagen","10":"product_tag-neu","11":"product_tag-porsche-356","12":"product_tag-rund","13":"product_tag-schraeglenker","14":"product_tag-set","15":"product_tag-typ-181","16":"product_tag-uretahn","17":"product_tag-vw","18":"product_tag-vw-kaefer","19":"entry","21":"first","22":"instock","23":"shipping-taxable","24":"purchasable","25":"product-type-simple"},"_links":{"self":[{"href":"https:\/\/wenzel.co.at\/wshop\/wp-json\/wp\/v2\/product\/1667","targetHints":{"allow":["GET"]}}],"collection":[{"href":"https:\/\/wenzel.co.at\/wshop\/wp-json\/wp\/v2\/product"}],"about":[{"href":"https:\/\/wenzel.co.at\/wshop\/wp-json\/wp\/v2\/types\/product"}],"wp:featuredmedia":[{"embeddable":true,"href":"https:\/\/wenzel.co.at\/wshop\/wp-json\/wp\/v2\/media\/1668"}],"wp:attachment":[{"href":"https:\/\/wenzel.co.at\/wshop\/wp-json\/wp\/v2\/media?parent=1667"}],"wp:term":[{"taxonomy":"product_brand","embeddable":true,"href":"https:\/\/wenzel.co.at\/wshop\/wp-json\/wp\/v2\/product_brand?post=1667"},{"taxonomy":"product_cat","embeddable":true,"href":"https:\/\/wenzel.co.at\/wshop\/wp-json\/wp\/v2\/product_cat?post=1667"},{"taxonomy":"product_tag","embeddable":true,"href":"https:\/\/wenzel.co.at\/wshop\/wp-json\/wp\/v2\/product_tag?post=1667"}],"curies":[{"name":"wp","href":"https:\/\/api.w.org\/{rel}","templated":true}]}}