{"id":1677,"date":"2022-01-18T18:18:01","date_gmt":"2022-01-18T17:18:01","guid":{"rendered":"https:\/\/wenzel.co.at\/wshop\/?post_type=product&#038;p=1677"},"modified":"2022-01-18T19:27:10","modified_gmt":"2022-01-18T18:27:10","slug":"hebel-fuer-tuerschloss-tnr-171837080","status":"publish","type":"product","link":"https:\/\/wenzel.co.at\/wshop\/produkt\/hebel-fuer-tuerschloss-tnr-171837080\/","title":{"rendered":"Hebel f\u00fcr T\u00fcrschloss TNR 171837080"},"content":{"rendered":"<p>Hebel f\u00fcr T\u00fcrschloss, links und rechts, vorne und hinten passend, Caddy (14D), Golf 1 (1974-1983), Golf 1 Cabrio (1979-1993), Jetta 1(1979-1984), Passat 1 (1973-1980), Polo 1 (1975-1981), Scirocco 1 (1974-1981), Scirocco 2 (1981-1992), TNR 171837080, Neu, NOS<\/p>\n","protected":false},"excerpt":{"rendered":"<p>Hebel f\u00fcr T\u00fcrschloss, links und rechts, vorne und hinten passend, Caddy (14D), Golf 1 (1974-1983), Golf 1 Cabrio (1979-1993), Jetta 1(1979-1984), Passat 1 (1973-1980), Polo 1 (1975-1981), Scirocco 1 (1974-1981), Scirocco 2 (1981-1992), TNR 171837080, Neu, NOS<\/p>\n","protected":false},"featured_media":1678,"template":"","meta":[],"product_brand":[],"product_cat":[54],"product_tag":[1400,278,225,1402,1401,321,239,224,108,109,1403,453,159,229,580,700,276],"class_list":{"0":"post-1677","1":"product","2":"type-product","3":"status-publish","4":"has-post-thumbnail","6":"product_cat-karosserie","7":"product_tag-1400","8":"product_tag-caddy-1","9":"product_tag-golf-1","10":"product_tag-golf-1-cabrio","11":"product_tag-hebel","12":"product_tag-hinten","13":"product_tag-jetta-1","14":"product_tag-links","15":"product_tag-neu","16":"product_tag-nos","17":"product_tag-passat-1","18":"product_tag-polo-1","19":"product_tag-rechts","20":"product_tag-scirocco-1","21":"product_tag-scirocco-2","22":"product_tag-tuerschloss","23":"product_tag-vorne","24":"entry","26":"first","27":"instock","28":"shipping-taxable","29":"purchasable","30":"product-type-simple"},"_links":{"self":[{"href":"https:\/\/wenzel.co.at\/wshop\/wp-json\/wp\/v2\/product\/1677","targetHints":{"allow":["GET"]}}],"collection":[{"href":"https:\/\/wenzel.co.at\/wshop\/wp-json\/wp\/v2\/product"}],"about":[{"href":"https:\/\/wenzel.co.at\/wshop\/wp-json\/wp\/v2\/types\/product"}],"wp:featuredmedia":[{"embeddable":true,"href":"https:\/\/wenzel.co.at\/wshop\/wp-json\/wp\/v2\/media\/1678"}],"wp:attachment":[{"href":"https:\/\/wenzel.co.at\/wshop\/wp-json\/wp\/v2\/media?parent=1677"}],"wp:term":[{"taxonomy":"product_brand","embeddable":true,"href":"https:\/\/wenzel.co.at\/wshop\/wp-json\/wp\/v2\/product_brand?post=1677"},{"taxonomy":"product_cat","embeddable":true,"href":"https:\/\/wenzel.co.at\/wshop\/wp-json\/wp\/v2\/product_cat?post=1677"},{"taxonomy":"product_tag","embeddable":true,"href":"https:\/\/wenzel.co.at\/wshop\/wp-json\/wp\/v2\/product_tag?post=1677"}],"curies":[{"name":"wp","href":"https:\/\/api.w.org\/{rel}","templated":true}]}}