{"id":1835,"date":"2022-01-25T09:53:09","date_gmt":"2022-01-25T08:53:09","guid":{"rendered":"https:\/\/wenzel.co.at\/wshop\/?post_type=product&#038;p=1835"},"modified":"2025-11-20T12:46:31","modified_gmt":"2025-11-20T11:46:31","slug":"praege-blechschild-audi-pflaume","status":"publish","type":"product","link":"https:\/\/wenzel.co.at\/wshop\/produkt\/praege-blechschild-audi-pflaume\/","title":{"rendered":"Pr\u00e4ge Blechschild Audi Pflaume"},"content":{"rendered":"<p>Pr\u00e4ge Blechschild Audi Pflaume, Gr\u00f6\u00dfe 30 x 20cm<\/p>\n","protected":false},"excerpt":{"rendered":"<p>Pr\u00e4ge Blechschild Audi Pflaume, Gr\u00f6\u00dfe 30 x 20cm<\/p>\n","protected":false},"featured_media":1836,"template":"","meta":[],"product_brand":[],"product_cat":[15],"product_tag":[1534,465,1535,1532],"class_list":{"0":"post-1835","1":"product","2":"type-product","3":"status-publish","4":"has-post-thumbnail","6":"product_cat-werbeartikel","7":"product_tag-30x20cm","8":"product_tag-audi-pflaume","9":"product_tag-praege","10":"product_tag-praege-blechschild","11":"entry","13":"first","14":"outofstock","15":"shipping-taxable","16":"purchasable","17":"product-type-simple"},"_links":{"self":[{"href":"https:\/\/wenzel.co.at\/wshop\/wp-json\/wp\/v2\/product\/1835","targetHints":{"allow":["GET"]}}],"collection":[{"href":"https:\/\/wenzel.co.at\/wshop\/wp-json\/wp\/v2\/product"}],"about":[{"href":"https:\/\/wenzel.co.at\/wshop\/wp-json\/wp\/v2\/types\/product"}],"wp:featuredmedia":[{"embeddable":true,"href":"https:\/\/wenzel.co.at\/wshop\/wp-json\/wp\/v2\/media\/1836"}],"wp:attachment":[{"href":"https:\/\/wenzel.co.at\/wshop\/wp-json\/wp\/v2\/media?parent=1835"}],"wp:term":[{"taxonomy":"product_brand","embeddable":true,"href":"https:\/\/wenzel.co.at\/wshop\/wp-json\/wp\/v2\/product_brand?post=1835"},{"taxonomy":"product_cat","embeddable":true,"href":"https:\/\/wenzel.co.at\/wshop\/wp-json\/wp\/v2\/product_cat?post=1835"},{"taxonomy":"product_tag","embeddable":true,"href":"https:\/\/wenzel.co.at\/wshop\/wp-json\/wp\/v2\/product_tag?post=1835"}],"curies":[{"name":"wp","href":"https:\/\/api.w.org\/{rel}","templated":true}]}}