{"id":1869,"date":"2022-01-25T14:42:34","date_gmt":"2022-01-25T13:42:34","guid":{"rendered":"https:\/\/wenzel.co.at\/wshop\/?post_type=product&#038;p=1869"},"modified":"2022-01-25T14:42:34","modified_gmt":"2022-01-25T13:42:34","slug":"vw-audi-thermostat-71-grad-marke-behr","status":"publish","type":"product","link":"https:\/\/wenzel.co.at\/wshop\/produkt\/vw-audi-thermostat-71-grad-marke-behr\/","title":{"rendered":"Vw Audi Thermostat 71 Grad Marke Behr"},"content":{"rendered":"<p>Thermostat 71 Grad, Marke Behr, passend f\u00fcr div. 5 Zylinder Motoren Diesel und Benzin, \u00d6ffnungstemperatur 71 Grad, Durchmesser au\u00dfen 67mm, Durchmesser \u00d6ffnungsteller 35mm<br \/>\nDieses Thermostat ist ideal f\u00fcr Motoren, die eher zu hei\u00df laufen, sehr lange f\u00fcr die Warmlaufphase brauchen, Motoren mit ge\u00e4ndeter Leistung, wie z.B.: S2\/ RS2\/ TDI, entspricht (f\u00fcr 87 Grad Serie), 035121113A, 035121113B, 067121113 ,069121113, 069121113A<\/p>\n","protected":false},"excerpt":{"rendered":"<p>Thermostat 71 Grad, Marke Behr, passend f\u00fcr div. 5 Zylinder Motoren Diesel und Benzin, \u00d6ffnungstemperatur 71 Grad, Durchmesser au\u00dfen 67mm, Durchmesser \u00d6ffnungsteller 35mm Dieses Thermostat ist ideal f\u00fcr Motoren, die eher zu hei\u00df laufen, sehr lange f\u00fcr die Warmlaufphase brauchen, Motoren mit ge\u00e4ndeter Leistung, wie z.B.: S2\/ RS2\/ TDI, entspricht (f\u00fcr 87 Grad Serie), 035121113A,&hellip; <a class=\"more-link\" href=\"https:\/\/wenzel.co.at\/wshop\/produkt\/vw-audi-thermostat-71-grad-marke-behr\/\">Continue reading <span class=\"screen-reader-text\">Vw Audi Thermostat 71 Grad Marke Behr<\/span><\/a><\/p>\n","protected":false},"featured_media":1870,"template":"","meta":[],"product_brand":[],"product_cat":[41],"product_tag":[1576,1577,1575,1574,1573,1579,1067,1578,144,122,645,646,1570,1571,1568,1572,1235,456,1569,34],"class_list":{"0":"post-1869","1":"product","2":"type-product","3":"status-publish","4":"has-post-thumbnail","6":"product_cat-motor","7":"product_tag-035121113a","8":"product_tag-035121113b","9":"product_tag-1575","10":"product_tag-1574","11":"product_tag-069121113a","12":"product_tag-1911020508-behr","13":"product_tag-5-zylinder","14":"product_tag-71-grad","15":"product_tag-audi","16":"product_tag-behr","17":"product_tag-benzin","18":"product_tag-diesel","19":"product_tag-durchmesser-aussen-67mm","20":"product_tag-durchmesser-oeffnungsteller-35mm","21":"product_tag-oeffnungstemperatur-71-grad","22":"product_tag-rs2","23":"product_tag-s2","24":"product_tag-tdi","25":"product_tag-thermostat","26":"product_tag-vw","27":"entry","29":"first","30":"instock","31":"shipping-taxable","32":"purchasable","33":"product-type-simple"},"_links":{"self":[{"href":"https:\/\/wenzel.co.at\/wshop\/wp-json\/wp\/v2\/product\/1869","targetHints":{"allow":["GET"]}}],"collection":[{"href":"https:\/\/wenzel.co.at\/wshop\/wp-json\/wp\/v2\/product"}],"about":[{"href":"https:\/\/wenzel.co.at\/wshop\/wp-json\/wp\/v2\/types\/product"}],"wp:featuredmedia":[{"embeddable":true,"href":"https:\/\/wenzel.co.at\/wshop\/wp-json\/wp\/v2\/media\/1870"}],"wp:attachment":[{"href":"https:\/\/wenzel.co.at\/wshop\/wp-json\/wp\/v2\/media?parent=1869"}],"wp:term":[{"taxonomy":"product_brand","embeddable":true,"href":"https:\/\/wenzel.co.at\/wshop\/wp-json\/wp\/v2\/product_brand?post=1869"},{"taxonomy":"product_cat","embeddable":true,"href":"https:\/\/wenzel.co.at\/wshop\/wp-json\/wp\/v2\/product_cat?post=1869"},{"taxonomy":"product_tag","embeddable":true,"href":"https:\/\/wenzel.co.at\/wshop\/wp-json\/wp\/v2\/product_tag?post=1869"}],"curies":[{"name":"wp","href":"https:\/\/api.w.org\/{rel}","templated":true}]}}