{"id":1890,"date":"2022-01-25T17:24:15","date_gmt":"2022-01-25T16:24:15","guid":{"rendered":"https:\/\/wenzel.co.at\/wshop\/?post_type=product&#038;p=1890"},"modified":"2022-01-25T17:24:15","modified_gmt":"2022-01-25T16:24:15","slug":"vw-audi-schluesselhuelle-gummi-fuer-klappschluessel","status":"publish","type":"product","link":"https:\/\/wenzel.co.at\/wshop\/produkt\/vw-audi-schluesselhuelle-gummi-fuer-klappschluessel\/","title":{"rendered":"Vw Audi Schl\u00fcsselh\u00fclle Gummi f\u00fcr Klappschl\u00fcssel"},"content":{"rendered":"<p>Schl\u00fcsselh\u00fclle Gummi f\u00fcr Klappschl\u00fcssel, Golf 4\/Bora\/Passat\/T4\/Polo, schwarz, Neu<\/p>\n","protected":false},"excerpt":{"rendered":"<p>Schl\u00fcsselh\u00fclle Gummi f\u00fcr Klappschl\u00fcssel, Golf 4\/Bora\/Passat\/T4\/Polo, schwarz, Neu<\/p>\n","protected":false},"featured_media":1891,"template":"","meta":[],"product_brand":[],"product_cat":[57],"product_tag":[144,80,79,1596,108,186,455,1595,688,506,34],"class_list":{"0":"post-1890","1":"product","2":"type-product","3":"status-publish","4":"has-post-thumbnail","6":"product_cat-zubehoer","7":"product_tag-audi","8":"product_tag-bora","9":"product_tag-golf-4","10":"product_tag-klappschluessel","11":"product_tag-neu","12":"product_tag-passat","13":"product_tag-polo","14":"product_tag-schluesselhuelle","15":"product_tag-schwarz","16":"product_tag-t4","17":"product_tag-vw","18":"entry","20":"first","21":"instock","22":"shipping-taxable","23":"purchasable","24":"product-type-simple"},"_links":{"self":[{"href":"https:\/\/wenzel.co.at\/wshop\/wp-json\/wp\/v2\/product\/1890","targetHints":{"allow":["GET"]}}],"collection":[{"href":"https:\/\/wenzel.co.at\/wshop\/wp-json\/wp\/v2\/product"}],"about":[{"href":"https:\/\/wenzel.co.at\/wshop\/wp-json\/wp\/v2\/types\/product"}],"wp:featuredmedia":[{"embeddable":true,"href":"https:\/\/wenzel.co.at\/wshop\/wp-json\/wp\/v2\/media\/1891"}],"wp:attachment":[{"href":"https:\/\/wenzel.co.at\/wshop\/wp-json\/wp\/v2\/media?parent=1890"}],"wp:term":[{"taxonomy":"product_brand","embeddable":true,"href":"https:\/\/wenzel.co.at\/wshop\/wp-json\/wp\/v2\/product_brand?post=1890"},{"taxonomy":"product_cat","embeddable":true,"href":"https:\/\/wenzel.co.at\/wshop\/wp-json\/wp\/v2\/product_cat?post=1890"},{"taxonomy":"product_tag","embeddable":true,"href":"https:\/\/wenzel.co.at\/wshop\/wp-json\/wp\/v2\/product_tag?post=1890"}],"curies":[{"name":"wp","href":"https:\/\/api.w.org\/{rel}","templated":true}]}}