{"id":1892,"date":"2022-01-25T17:28:42","date_gmt":"2022-01-25T16:28:42","guid":{"rendered":"https:\/\/wenzel.co.at\/wshop\/?post_type=product&#038;p=1892"},"modified":"2023-01-19T20:27:49","modified_gmt":"2023-01-19T19:27:49","slug":"schluesselanhaenger-vw-kaefer-tacho","status":"publish","type":"product","link":"https:\/\/wenzel.co.at\/wshop\/produkt\/schluesselanhaenger-vw-kaefer-tacho\/","title":{"rendered":"Schl\u00fcsselanh\u00e4nger Vw K\u00e4fer Tacho"},"content":{"rendered":"<p>Schl\u00fcsselanh\u00e4nger Vw K\u00e4fer Tacho, 7cm lang, Neu<\/p>\n","protected":false},"excerpt":{"rendered":"<p>Schl\u00fcsselanh\u00e4nger Vw K\u00e4fer Tacho, 7cm lang, Neu<\/p>\n","protected":false},"featured_media":1893,"template":"","meta":[],"product_brand":[],"product_cat":[15],"product_tag":[1598,1597,108,1159,847,34],"class_list":{"0":"post-1892","1":"product","2":"type-product","3":"status-publish","4":"has-post-thumbnail","6":"product_cat-werbeartikel","7":"product_tag-7cm","8":"product_tag-kaefer","9":"product_tag-neu","10":"product_tag-schluesselanhaenger","11":"product_tag-tacho","12":"product_tag-vw","13":"entry","15":"first","16":"instock","17":"shipping-taxable","18":"purchasable","19":"product-type-simple"},"_links":{"self":[{"href":"https:\/\/wenzel.co.at\/wshop\/wp-json\/wp\/v2\/product\/1892","targetHints":{"allow":["GET"]}}],"collection":[{"href":"https:\/\/wenzel.co.at\/wshop\/wp-json\/wp\/v2\/product"}],"about":[{"href":"https:\/\/wenzel.co.at\/wshop\/wp-json\/wp\/v2\/types\/product"}],"wp:featuredmedia":[{"embeddable":true,"href":"https:\/\/wenzel.co.at\/wshop\/wp-json\/wp\/v2\/media\/1893"}],"wp:attachment":[{"href":"https:\/\/wenzel.co.at\/wshop\/wp-json\/wp\/v2\/media?parent=1892"}],"wp:term":[{"taxonomy":"product_brand","embeddable":true,"href":"https:\/\/wenzel.co.at\/wshop\/wp-json\/wp\/v2\/product_brand?post=1892"},{"taxonomy":"product_cat","embeddable":true,"href":"https:\/\/wenzel.co.at\/wshop\/wp-json\/wp\/v2\/product_cat?post=1892"},{"taxonomy":"product_tag","embeddable":true,"href":"https:\/\/wenzel.co.at\/wshop\/wp-json\/wp\/v2\/product_tag?post=1892"}],"curies":[{"name":"wp","href":"https:\/\/api.w.org\/{rel}","templated":true}]}}