{"id":2100,"date":"2022-12-31T13:45:20","date_gmt":"2022-12-31T12:45:20","guid":{"rendered":"https:\/\/wenzel.co.at\/wshop\/?post_type=product&#038;p=2100"},"modified":"2022-12-31T13:45:20","modified_gmt":"2022-12-31T12:45:20","slug":"oelsiebdichtung-satz-vw-t1-t2-kaefer-tnr-111198031","status":"publish","type":"product","link":"https:\/\/wenzel.co.at\/wshop\/produkt\/oelsiebdichtung-satz-vw-t1-t2-kaefer-tnr-111198031\/","title":{"rendered":"\u00d6lsiebdichtung Satz VW T1 T2 K\u00e4fer TNR 111198031"},"content":{"rendered":"<p>\u00d6lsiebdichtung Satz, TNR 111198031, passend bei Vw T1, T2, K\u00e4fer, Neu, NOS<\/p>\n","protected":false},"excerpt":{"rendered":"<p>\u00d6lsiebdichtung Satz, TNR 111198031, passend bei Vw T1, T2, K\u00e4fer, Neu, NOS<\/p>\n","protected":false},"featured_media":2101,"template":"","meta":[],"product_brand":[],"product_cat":[41],"product_tag":[1597,108,109,943,1673,150,516,519],"class_list":{"0":"post-2100","1":"product","2":"type-product","3":"status-publish","4":"has-post-thumbnail","6":"product_cat-motor","7":"product_tag-kaefer","8":"product_tag-neu","9":"product_tag-nos","10":"product_tag-oelsiebdichtung","11":"product_tag-sastz","12":"product_tag-vw-kaefer","13":"product_tag-vw-t1","14":"product_tag-vw-t2","15":"entry","17":"first","18":"instock","19":"shipping-taxable","20":"purchasable","21":"product-type-simple"},"_links":{"self":[{"href":"https:\/\/wenzel.co.at\/wshop\/wp-json\/wp\/v2\/product\/2100","targetHints":{"allow":["GET"]}}],"collection":[{"href":"https:\/\/wenzel.co.at\/wshop\/wp-json\/wp\/v2\/product"}],"about":[{"href":"https:\/\/wenzel.co.at\/wshop\/wp-json\/wp\/v2\/types\/product"}],"wp:featuredmedia":[{"embeddable":true,"href":"https:\/\/wenzel.co.at\/wshop\/wp-json\/wp\/v2\/media\/2101"}],"wp:attachment":[{"href":"https:\/\/wenzel.co.at\/wshop\/wp-json\/wp\/v2\/media?parent=2100"}],"wp:term":[{"taxonomy":"product_brand","embeddable":true,"href":"https:\/\/wenzel.co.at\/wshop\/wp-json\/wp\/v2\/product_brand?post=2100"},{"taxonomy":"product_cat","embeddable":true,"href":"https:\/\/wenzel.co.at\/wshop\/wp-json\/wp\/v2\/product_cat?post=2100"},{"taxonomy":"product_tag","embeddable":true,"href":"https:\/\/wenzel.co.at\/wshop\/wp-json\/wp\/v2\/product_tag?post=2100"}],"curies":[{"name":"wp","href":"https:\/\/api.w.org\/{rel}","templated":true}]}}