{"id":270,"date":"2021-08-27T10:39:49","date_gmt":"2021-08-27T08:39:49","guid":{"rendered":"https:\/\/wenzel.co.at\/wshop\/?post_type=product&#038;p=270"},"modified":"2025-09-13T19:15:23","modified_gmt":"2025-09-13T17:15:23","slug":"aufkleber-w-roehrl-in-schwarz","status":"publish","type":"product","link":"https:\/\/wenzel.co.at\/wshop\/produkt\/aufkleber-w-roehrl-in-schwarz\/","title":{"rendered":"Aufkleber &#8220;W.R\u00f6hrl&#8221; in Schwarz"},"content":{"rendered":"<p>Aufkleber &#8220;W.R\u00f6hrl&#8221; in Schwarz, Au\u00dfenklebend, 10 x 4,5cm<\/p>\n","protected":false},"excerpt":{"rendered":"<p>Aufkleber &#8220;W.R\u00f6hrl&#8221; in Schwarz, Au\u00dfenklebend, 10 x 4,5cm<\/p>\n","protected":false},"featured_media":271,"template":"","meta":[],"product_brand":[],"product_cat":[42],"product_tag":[981,990,989,688,988],"class_list":{"0":"post-270","1":"product","2":"type-product","3":"status-publish","4":"has-post-thumbnail","6":"product_cat-aufkleber","7":"product_tag-aufkleber","8":"product_tag-aussenklebend","9":"product_tag-roehrl","10":"product_tag-schwarz","11":"product_tag-walter-roehrl","12":"entry","14":"first","15":"instock","16":"shipping-taxable","17":"purchasable","18":"product-type-simple"},"_links":{"self":[{"href":"https:\/\/wenzel.co.at\/wshop\/wp-json\/wp\/v2\/product\/270","targetHints":{"allow":["GET"]}}],"collection":[{"href":"https:\/\/wenzel.co.at\/wshop\/wp-json\/wp\/v2\/product"}],"about":[{"href":"https:\/\/wenzel.co.at\/wshop\/wp-json\/wp\/v2\/types\/product"}],"wp:featuredmedia":[{"embeddable":true,"href":"https:\/\/wenzel.co.at\/wshop\/wp-json\/wp\/v2\/media\/271"}],"wp:attachment":[{"href":"https:\/\/wenzel.co.at\/wshop\/wp-json\/wp\/v2\/media?parent=270"}],"wp:term":[{"taxonomy":"product_brand","embeddable":true,"href":"https:\/\/wenzel.co.at\/wshop\/wp-json\/wp\/v2\/product_brand?post=270"},{"taxonomy":"product_cat","embeddable":true,"href":"https:\/\/wenzel.co.at\/wshop\/wp-json\/wp\/v2\/product_cat?post=270"},{"taxonomy":"product_tag","embeddable":true,"href":"https:\/\/wenzel.co.at\/wshop\/wp-json\/wp\/v2\/product_tag?post=270"}],"curies":[{"name":"wp","href":"https:\/\/api.w.org\/{rel}","templated":true}]}}