{"id":313,"date":"2021-08-28T08:21:27","date_gmt":"2021-08-28T06:21:27","guid":{"rendered":"https:\/\/wenzel.co.at\/wshop\/?post_type=product&#038;p=313"},"modified":"2021-09-14T08:57:09","modified_gmt":"2021-09-14T06:57:09","slug":"le-mans-audi-r10-tdi-jacke-plus-kappe","status":"publish","type":"product","link":"https:\/\/wenzel.co.at\/wshop\/produkt\/le-mans-audi-r10-tdi-jacke-plus-kappe\/","title":{"rendered":"Le Mans Audi R10 TDI Jacke plus Kappe"},"content":{"rendered":"<p>Le Mans Audi R10 TDI Jacke plus Kappe R10 TDI( Sammlerst\u00fccke\/Vitrinenst\u00fcck ) Gr\u00f6\u00dfe M, Kapuze integriert, vom 2006 Sieg Audi TDI R10, \u00c4rmel Stick beidseitig, Brust Druck, Kappe Stick,gebraucht<\/p>\n","protected":false},"excerpt":{"rendered":"<p>Le Mans Audi R10 TDI Jacke plus Kappe R10 TDI( Sammlerst\u00fccke\/Vitrinenst\u00fcck ) Gr\u00f6\u00dfe M, Kapuze integriert, vom 2006 Sieg Audi TDI R10, \u00c4rmel Stick beidseitig, Brust Druck, Kappe Stick,gebraucht<\/p>\n","protected":false},"featured_media":314,"template":"","meta":[],"product_brand":[],"product_cat":[49],"product_tag":[481,483,480,476,172,482,475,477,478,456,479],"class_list":{"0":"post-313","1":"product","2":"type-product","3":"status-publish","4":"has-post-thumbnail","6":"product_cat-sonderartikel","7":"product_tag-481","8":"product_tag-audi-r10-tdi","9":"product_tag-groesse-m","10":"product_tag-jacke","11":"product_tag-kappe","12":"product_tag-le-mans","13":"product_tag-le-mans-audi-r10-tdi","14":"product_tag-r10","15":"product_tag-sammlerstueck","16":"product_tag-tdi","17":"product_tag-vitrine","18":"entry","20":"first","21":"instock","22":"shipping-taxable","23":"purchasable","24":"product-type-simple"},"_links":{"self":[{"href":"https:\/\/wenzel.co.at\/wshop\/wp-json\/wp\/v2\/product\/313","targetHints":{"allow":["GET"]}}],"collection":[{"href":"https:\/\/wenzel.co.at\/wshop\/wp-json\/wp\/v2\/product"}],"about":[{"href":"https:\/\/wenzel.co.at\/wshop\/wp-json\/wp\/v2\/types\/product"}],"wp:featuredmedia":[{"embeddable":true,"href":"https:\/\/wenzel.co.at\/wshop\/wp-json\/wp\/v2\/media\/314"}],"wp:attachment":[{"href":"https:\/\/wenzel.co.at\/wshop\/wp-json\/wp\/v2\/media?parent=313"}],"wp:term":[{"taxonomy":"product_brand","embeddable":true,"href":"https:\/\/wenzel.co.at\/wshop\/wp-json\/wp\/v2\/product_brand?post=313"},{"taxonomy":"product_cat","embeddable":true,"href":"https:\/\/wenzel.co.at\/wshop\/wp-json\/wp\/v2\/product_cat?post=313"},{"taxonomy":"product_tag","embeddable":true,"href":"https:\/\/wenzel.co.at\/wshop\/wp-json\/wp\/v2\/product_tag?post=313"}],"curies":[{"name":"wp","href":"https:\/\/api.w.org\/{rel}","templated":true}]}}