{"id":379,"date":"2021-08-28T14:10:54","date_gmt":"2021-08-28T12:10:54","guid":{"rendered":"https:\/\/wenzel.co.at\/wshop\/?post_type=product&#038;p=379"},"modified":"2025-09-24T13:52:13","modified_gmt":"2025-09-24T11:52:13","slug":"steckergehaeuse-multifuzzi-4-polig","status":"publish","type":"product","link":"https:\/\/wenzel.co.at\/wshop\/produkt\/steckergehaeuse-multifuzzi-4-polig\/","title":{"rendered":"Steckergeh\u00e4use F76 Multifuzzi 4 polig"},"content":{"rendered":"<p>Steckergeh\u00e4use F76 Multifuzzi 4 polig, inkl. 4 neue Kabel Pin, Lieferung Farbe weiss oder braun, je nach Verf\u00fcgbarkeit, Neu, Nachfertigung<\/p>\n","protected":false},"excerpt":{"rendered":"<p>Steckergeh\u00e4use F76 Multifuzzi 4 polig, inkl. 4 neue Kabel Pin, Lieferung Farbe weiss oder braun, je nach Verf\u00fcgbarkeit, Neu, Nachfertigung<\/p>\n","protected":false},"featured_media":380,"template":"","meta":[],"product_brand":[],"product_cat":[47],"product_tag":[903,904,120,384,118,745,108,902],"class_list":{"0":"post-379","1":"product","2":"type-product","3":"status-publish","4":"has-post-thumbnail","6":"product_cat-elektrik","7":"product_tag-4polig","8":"product_tag-eoe","9":"product_tag-f76","10":"product_tag-kunststoff","11":"product_tag-multifuzzi","12":"product_tag-nachfertigung","13":"product_tag-neu","14":"product_tag-steckergehaeuse","15":"entry","17":"first","18":"instock","19":"shipping-taxable","20":"purchasable","21":"product-type-simple"},"_links":{"self":[{"href":"https:\/\/wenzel.co.at\/wshop\/wp-json\/wp\/v2\/product\/379","targetHints":{"allow":["GET"]}}],"collection":[{"href":"https:\/\/wenzel.co.at\/wshop\/wp-json\/wp\/v2\/product"}],"about":[{"href":"https:\/\/wenzel.co.at\/wshop\/wp-json\/wp\/v2\/types\/product"}],"wp:featuredmedia":[{"embeddable":true,"href":"https:\/\/wenzel.co.at\/wshop\/wp-json\/wp\/v2\/media\/380"}],"wp:attachment":[{"href":"https:\/\/wenzel.co.at\/wshop\/wp-json\/wp\/v2\/media?parent=379"}],"wp:term":[{"taxonomy":"product_brand","embeddable":true,"href":"https:\/\/wenzel.co.at\/wshop\/wp-json\/wp\/v2\/product_brand?post=379"},{"taxonomy":"product_cat","embeddable":true,"href":"https:\/\/wenzel.co.at\/wshop\/wp-json\/wp\/v2\/product_cat?post=379"},{"taxonomy":"product_tag","embeddable":true,"href":"https:\/\/wenzel.co.at\/wshop\/wp-json\/wp\/v2\/product_tag?post=379"}],"curies":[{"name":"wp","href":"https:\/\/api.w.org\/{rel}","templated":true}]}}