{"id":394,"date":"2021-08-28T17:42:12","date_gmt":"2021-08-28T15:42:12","guid":{"rendered":"https:\/\/wenzel.co.at\/wshop\/?post_type=product&#038;p=394"},"modified":"2025-10-23T13:47:12","modified_gmt":"2025-10-23T11:47:12","slug":"aufkleber-kuehlerluefter-rot","status":"publish","type":"product","link":"https:\/\/wenzel.co.at\/wshop\/produkt\/aufkleber-kuehlerluefter-rot\/","title":{"rendered":"Aufkleber &#8221; K\u00fchlerl\u00fcfter rot&#8221;"},"content":{"rendered":"<p>Aufkleber &#8221; K\u00fchlerl\u00fcfter rot&#8221;, passend bei diversen Audi, 80, 90, 100, Gr\u00f6\u00dfe 9 x 4,2 cm.<\/p>\n","protected":false},"excerpt":{"rendered":"<p>Aufkleber &#8221; K\u00fchlerl\u00fcfter rot&#8221;, passend bei diversen Audi, 80, 90, 100, Gr\u00f6\u00dfe 9 x 4,2 cm.<\/p>\n","protected":false},"featured_media":395,"template":"","meta":[],"product_brand":[],"product_cat":[42],"product_tag":[144,212,317,493,87,86,97,981,1039],"class_list":{"0":"post-394","1":"product","2":"type-product","3":"status-publish","4":"has-post-thumbnail","6":"product_cat-aufkleber","7":"product_tag-audi","8":"product_tag-audi-100","9":"product_tag-audi-80","10":"product_tag-audi-90","11":"product_tag-audi-b2","12":"product_tag-audi-typ-81","13":"product_tag-audi-typ-85","14":"product_tag-aufkleber","15":"product_tag-kuehlerluefter-rot","16":"entry","18":"first","19":"instock","20":"shipping-taxable","21":"purchasable","22":"product-type-simple"},"_links":{"self":[{"href":"https:\/\/wenzel.co.at\/wshop\/wp-json\/wp\/v2\/product\/394","targetHints":{"allow":["GET"]}}],"collection":[{"href":"https:\/\/wenzel.co.at\/wshop\/wp-json\/wp\/v2\/product"}],"about":[{"href":"https:\/\/wenzel.co.at\/wshop\/wp-json\/wp\/v2\/types\/product"}],"wp:featuredmedia":[{"embeddable":true,"href":"https:\/\/wenzel.co.at\/wshop\/wp-json\/wp\/v2\/media\/395"}],"wp:attachment":[{"href":"https:\/\/wenzel.co.at\/wshop\/wp-json\/wp\/v2\/media?parent=394"}],"wp:term":[{"taxonomy":"product_brand","embeddable":true,"href":"https:\/\/wenzel.co.at\/wshop\/wp-json\/wp\/v2\/product_brand?post=394"},{"taxonomy":"product_cat","embeddable":true,"href":"https:\/\/wenzel.co.at\/wshop\/wp-json\/wp\/v2\/product_cat?post=394"},{"taxonomy":"product_tag","embeddable":true,"href":"https:\/\/wenzel.co.at\/wshop\/wp-json\/wp\/v2\/product_tag?post=394"}],"curies":[{"name":"wp","href":"https:\/\/api.w.org\/{rel}","templated":true}]}}