{"id":418,"date":"2021-08-28T18:10:21","date_gmt":"2021-08-28T16:10:21","guid":{"rendered":"https:\/\/wenzel.co.at\/wshop\/?post_type=product&#038;p=418"},"modified":"2025-10-23T13:47:12","modified_gmt":"2025-10-23T11:47:12","slug":"aufkleber-bremsfluessigkeitsbehaelter","status":"publish","type":"product","link":"https:\/\/wenzel.co.at\/wshop\/produkt\/aufkleber-bremsfluessigkeitsbehaelter\/","title":{"rendered":"Aufkleber &#8220;Bremsfl\u00fcssigkeitsbeh\u00e4lter&#8221; eckig"},"content":{"rendered":"<p>Aufkleber &#8220;Bremsfl\u00fcssigkeitsbeh\u00e4lter&#8221;, eckig, Audi B2\/B3\/B4, Gr\u00f6\u00dfe 8,4 x 6 cm<\/p>\n","protected":false},"excerpt":{"rendered":"<p>Aufkleber &#8220;Bremsfl\u00fcssigkeitsbeh\u00e4lter&#8221;, eckig, Audi B2\/B3\/B4, Gr\u00f6\u00dfe 8,4 x 6 cm<\/p>\n","protected":false},"featured_media":419,"template":"","meta":[],"product_brand":[],"product_cat":[42],"product_tag":[87,112,807,981,1027,1028],"class_list":{"0":"post-418","1":"product","2":"type-product","3":"status-publish","4":"has-post-thumbnail","6":"product_cat-aufkleber","7":"product_tag-audi-b2","8":"product_tag-audi-b3","9":"product_tag-audi-b4","10":"product_tag-aufkleber","11":"product_tag-bremsfluessigkeitsbehaelter","12":"product_tag-eckig","13":"entry","15":"first","16":"instock","17":"shipping-taxable","18":"purchasable","19":"product-type-simple"},"_links":{"self":[{"href":"https:\/\/wenzel.co.at\/wshop\/wp-json\/wp\/v2\/product\/418","targetHints":{"allow":["GET"]}}],"collection":[{"href":"https:\/\/wenzel.co.at\/wshop\/wp-json\/wp\/v2\/product"}],"about":[{"href":"https:\/\/wenzel.co.at\/wshop\/wp-json\/wp\/v2\/types\/product"}],"wp:featuredmedia":[{"embeddable":true,"href":"https:\/\/wenzel.co.at\/wshop\/wp-json\/wp\/v2\/media\/419"}],"wp:attachment":[{"href":"https:\/\/wenzel.co.at\/wshop\/wp-json\/wp\/v2\/media?parent=418"}],"wp:term":[{"taxonomy":"product_brand","embeddable":true,"href":"https:\/\/wenzel.co.at\/wshop\/wp-json\/wp\/v2\/product_brand?post=418"},{"taxonomy":"product_cat","embeddable":true,"href":"https:\/\/wenzel.co.at\/wshop\/wp-json\/wp\/v2\/product_cat?post=418"},{"taxonomy":"product_tag","embeddable":true,"href":"https:\/\/wenzel.co.at\/wshop\/wp-json\/wp\/v2\/product_tag?post=418"}],"curies":[{"name":"wp","href":"https:\/\/api.w.org\/{rel}","templated":true}]}}