{"id":428,"date":"2021-08-28T18:28:13","date_gmt":"2021-08-28T16:28:13","guid":{"rendered":"https:\/\/wenzel.co.at\/wshop\/?post_type=product&#038;p=428"},"modified":"2026-03-23T12:26:50","modified_gmt":"2026-03-23T11:26:50","slug":"aufkleber-vorsprung-durch-technik","status":"publish","type":"product","link":"https:\/\/wenzel.co.at\/wshop\/produkt\/aufkleber-vorsprung-durch-technik\/","title":{"rendered":"Aufkleber &#8220;Vorsprung durch Technik&#8221;"},"content":{"rendered":"<p>Aufkleber &#8220;Vorsprung durch Technik&#8221;, innenklebend, L\u00e4nge ca 38-45cm mit Logo f\u00e4rbig, Schriftgr\u00f6sse 23mm<\/p>\n","protected":false},"excerpt":{"rendered":"<p>Aufkleber &#8220;Vorsprung durch Technik&#8221;, innenklebend, L\u00e4nge ca 38-45cm mit Logo f\u00e4rbig, Schriftgr\u00f6sse 23mm<\/p>\n","protected":false},"featured_media":429,"template":"","meta":[],"product_brand":[],"product_cat":[42],"product_tag":[981,1006,1021],"class_list":{"0":"post-428","1":"product","2":"type-product","3":"status-publish","4":"has-post-thumbnail","6":"product_cat-aufkleber","7":"product_tag-aufkleber","8":"product_tag-innenklebend","9":"product_tag-vorsprung-durch-technik","10":"entry","12":"first","13":"outofstock","14":"shipping-taxable","15":"purchasable","16":"product-type-simple"},"_links":{"self":[{"href":"https:\/\/wenzel.co.at\/wshop\/wp-json\/wp\/v2\/product\/428","targetHints":{"allow":["GET"]}}],"collection":[{"href":"https:\/\/wenzel.co.at\/wshop\/wp-json\/wp\/v2\/product"}],"about":[{"href":"https:\/\/wenzel.co.at\/wshop\/wp-json\/wp\/v2\/types\/product"}],"wp:featuredmedia":[{"embeddable":true,"href":"https:\/\/wenzel.co.at\/wshop\/wp-json\/wp\/v2\/media\/429"}],"wp:attachment":[{"href":"https:\/\/wenzel.co.at\/wshop\/wp-json\/wp\/v2\/media?parent=428"}],"wp:term":[{"taxonomy":"product_brand","embeddable":true,"href":"https:\/\/wenzel.co.at\/wshop\/wp-json\/wp\/v2\/product_brand?post=428"},{"taxonomy":"product_cat","embeddable":true,"href":"https:\/\/wenzel.co.at\/wshop\/wp-json\/wp\/v2\/product_cat?post=428"},{"taxonomy":"product_tag","embeddable":true,"href":"https:\/\/wenzel.co.at\/wshop\/wp-json\/wp\/v2\/product_tag?post=428"}],"curies":[{"name":"wp","href":"https:\/\/api.w.org\/{rel}","templated":true}]}}