{"id":456,"date":"2021-08-28T19:05:33","date_gmt":"2021-08-28T17:05:33","guid":{"rendered":"https:\/\/wenzel.co.at\/wshop\/?post_type=product&#038;p=456"},"modified":"2025-12-17T11:44:40","modified_gmt":"2025-12-17T10:44:40","slug":"aufkleber-vw-nicht-mehr-original","status":"publish","type":"product","link":"https:\/\/wenzel.co.at\/wshop\/produkt\/aufkleber-vw-nicht-mehr-original\/","title":{"rendered":"Aufkleber VW ,,Nicht mehr Original&#8221;"},"content":{"rendered":"<p>Aufkleber VW ,,Nicht mehr Original&#8221;, L\u00e4nge ca 38-45cm mit Logo f\u00e4rbig, Schriftgr\u00f6sse 23mm, innenklebend<\/p>\n","protected":false},"excerpt":{"rendered":"<p>Aufkleber VW ,,Nicht mehr Original&#8221;, L\u00e4nge ca 38-45cm mit Logo f\u00e4rbig, Schriftgr\u00f6sse 23mm, innenklebend<\/p>\n","protected":false},"featured_media":1946,"template":"","meta":[],"product_brand":[],"product_cat":[42],"product_tag":[981,1006,1007,34],"class_list":{"0":"post-456","1":"product","2":"type-product","3":"status-publish","4":"has-post-thumbnail","6":"product_cat-aufkleber","7":"product_tag-aufkleber","8":"product_tag-innenklebend","9":"product_tag-nicht-mehr-original","10":"product_tag-vw","11":"entry","13":"first","14":"instock","15":"shipping-taxable","16":"purchasable","17":"product-type-simple"},"_links":{"self":[{"href":"https:\/\/wenzel.co.at\/wshop\/wp-json\/wp\/v2\/product\/456","targetHints":{"allow":["GET"]}}],"collection":[{"href":"https:\/\/wenzel.co.at\/wshop\/wp-json\/wp\/v2\/product"}],"about":[{"href":"https:\/\/wenzel.co.at\/wshop\/wp-json\/wp\/v2\/types\/product"}],"wp:featuredmedia":[{"embeddable":true,"href":"https:\/\/wenzel.co.at\/wshop\/wp-json\/wp\/v2\/media\/1946"}],"wp:attachment":[{"href":"https:\/\/wenzel.co.at\/wshop\/wp-json\/wp\/v2\/media?parent=456"}],"wp:term":[{"taxonomy":"product_brand","embeddable":true,"href":"https:\/\/wenzel.co.at\/wshop\/wp-json\/wp\/v2\/product_brand?post=456"},{"taxonomy":"product_cat","embeddable":true,"href":"https:\/\/wenzel.co.at\/wshop\/wp-json\/wp\/v2\/product_cat?post=456"},{"taxonomy":"product_tag","embeddable":true,"href":"https:\/\/wenzel.co.at\/wshop\/wp-json\/wp\/v2\/product_tag?post=456"}],"curies":[{"name":"wp","href":"https:\/\/api.w.org\/{rel}","templated":true}]}}