{"id":556,"date":"2021-08-29T09:08:05","date_gmt":"2021-08-29T07:08:05","guid":{"rendered":"https:\/\/wenzel.co.at\/wshop\/?post_type=product&#038;p=556"},"modified":"2024-09-21T21:41:37","modified_gmt":"2024-09-21T19:41:37","slug":"gti-schluesselanhaenger","status":"publish","type":"product","link":"https:\/\/wenzel.co.at\/wshop\/produkt\/gti-schluesselanhaenger\/","title":{"rendered":"GTI Schl\u00fcsselanh\u00e4nger schwarz"},"content":{"rendered":"<p>GTI Schl\u00fcsselanh\u00e4nger, schwarz, Neu<\/p>\n","protected":false},"excerpt":{"rendered":"<p>GTI Schl\u00fcsselanh\u00e4nger, schwarz, Neu<\/p>\n","protected":false},"featured_media":557,"template":"","meta":[],"product_brand":[],"product_cat":[15],"product_tag":[90,108,1159,688],"class_list":{"0":"post-556","1":"product","2":"type-product","3":"status-publish","4":"has-post-thumbnail","6":"product_cat-werbeartikel","7":"product_tag-gti","8":"product_tag-neu","9":"product_tag-schluesselanhaenger","10":"product_tag-schwarz","11":"entry","13":"first","14":"outofstock","15":"shipping-taxable","16":"purchasable","17":"product-type-simple"},"_links":{"self":[{"href":"https:\/\/wenzel.co.at\/wshop\/wp-json\/wp\/v2\/product\/556","targetHints":{"allow":["GET"]}}],"collection":[{"href":"https:\/\/wenzel.co.at\/wshop\/wp-json\/wp\/v2\/product"}],"about":[{"href":"https:\/\/wenzel.co.at\/wshop\/wp-json\/wp\/v2\/types\/product"}],"wp:featuredmedia":[{"embeddable":true,"href":"https:\/\/wenzel.co.at\/wshop\/wp-json\/wp\/v2\/media\/557"}],"wp:attachment":[{"href":"https:\/\/wenzel.co.at\/wshop\/wp-json\/wp\/v2\/media?parent=556"}],"wp:term":[{"taxonomy":"product_brand","embeddable":true,"href":"https:\/\/wenzel.co.at\/wshop\/wp-json\/wp\/v2\/product_brand?post=556"},{"taxonomy":"product_cat","embeddable":true,"href":"https:\/\/wenzel.co.at\/wshop\/wp-json\/wp\/v2\/product_cat?post=556"},{"taxonomy":"product_tag","embeddable":true,"href":"https:\/\/wenzel.co.at\/wshop\/wp-json\/wp\/v2\/product_tag?post=556"}],"curies":[{"name":"wp","href":"https:\/\/api.w.org\/{rel}","templated":true}]}}