{"id":568,"date":"2021-08-29T09:23:50","date_gmt":"2021-08-29T07:23:50","guid":{"rendered":"https:\/\/wenzel.co.at\/wshop\/?post_type=product&#038;p=568"},"modified":"2024-05-15T15:33:05","modified_gmt":"2024-05-15T13:33:05","slug":"audi-a8-schluesselband-in-gruen","status":"publish","type":"product","link":"https:\/\/wenzel.co.at\/wshop\/produkt\/audi-a8-schluesselband-in-gruen\/","title":{"rendered":"Audi A8 Schl\u00fcsselband Gr\u00fcn"},"content":{"rendered":"<p>Audi A8 Schl\u00fcsselband in Gr\u00fcn, Neu<\/p>\n","protected":false},"excerpt":{"rendered":"<p>Audi A8 Schl\u00fcsselband in Gr\u00fcn, Neu<\/p>\n","protected":false},"featured_media":569,"template":"","meta":[],"product_brand":[],"product_cat":[15],"product_tag":[144,73,1163,1164],"class_list":{"0":"post-568","1":"product","2":"type-product","3":"status-publish","4":"has-post-thumbnail","6":"product_cat-werbeartikel","7":"product_tag-audi","8":"product_tag-audi-a8","9":"product_tag-gruen","10":"product_tag-schluesselband","11":"entry","13":"first","14":"instock","15":"shipping-taxable","16":"purchasable","17":"product-type-simple"},"_links":{"self":[{"href":"https:\/\/wenzel.co.at\/wshop\/wp-json\/wp\/v2\/product\/568","targetHints":{"allow":["GET"]}}],"collection":[{"href":"https:\/\/wenzel.co.at\/wshop\/wp-json\/wp\/v2\/product"}],"about":[{"href":"https:\/\/wenzel.co.at\/wshop\/wp-json\/wp\/v2\/types\/product"}],"wp:featuredmedia":[{"embeddable":true,"href":"https:\/\/wenzel.co.at\/wshop\/wp-json\/wp\/v2\/media\/569"}],"wp:attachment":[{"href":"https:\/\/wenzel.co.at\/wshop\/wp-json\/wp\/v2\/media?parent=568"}],"wp:term":[{"taxonomy":"product_brand","embeddable":true,"href":"https:\/\/wenzel.co.at\/wshop\/wp-json\/wp\/v2\/product_brand?post=568"},{"taxonomy":"product_cat","embeddable":true,"href":"https:\/\/wenzel.co.at\/wshop\/wp-json\/wp\/v2\/product_cat?post=568"},{"taxonomy":"product_tag","embeddable":true,"href":"https:\/\/wenzel.co.at\/wshop\/wp-json\/wp\/v2\/product_tag?post=568"}],"curies":[{"name":"wp","href":"https:\/\/api.w.org\/{rel}","templated":true}]}}