{"id":574,"date":"2021-08-29T09:29:26","date_gmt":"2021-08-29T07:29:26","guid":{"rendered":"https:\/\/wenzel.co.at\/wshop\/?post_type=product&#038;p=574"},"modified":"2023-06-18T11:06:50","modified_gmt":"2023-06-18T09:06:50","slug":"schluesselanhaenger-leder-audi-emblem","status":"publish","type":"product","link":"https:\/\/wenzel.co.at\/wshop\/produkt\/schluesselanhaenger-leder-audi-emblem\/","title":{"rendered":"Schl\u00fcsselanh\u00e4nger Leder Audi"},"content":{"rendered":"<p>Schl\u00fcsselanh\u00e4nger Leder Audi, ohne Schl\u00fcsselring 9cm, Neu<\/p>\n","protected":false},"excerpt":{"rendered":"<p>Schl\u00fcsselanh\u00e4nger Leder Audi, ohne Schl\u00fcsselring 9cm, Neu<\/p>\n","protected":false},"featured_media":575,"template":"","meta":[],"product_brand":[],"product_cat":[15],"product_tag":[144,1160,108,1159],"class_list":{"0":"post-574","1":"product","2":"type-product","3":"status-publish","4":"has-post-thumbnail","6":"product_cat-werbeartikel","7":"product_tag-audi","8":"product_tag-leder","9":"product_tag-neu","10":"product_tag-schluesselanhaenger","11":"entry","13":"first","14":"instock","15":"shipping-taxable","16":"purchasable","17":"product-type-simple"},"_links":{"self":[{"href":"https:\/\/wenzel.co.at\/wshop\/wp-json\/wp\/v2\/product\/574","targetHints":{"allow":["GET"]}}],"collection":[{"href":"https:\/\/wenzel.co.at\/wshop\/wp-json\/wp\/v2\/product"}],"about":[{"href":"https:\/\/wenzel.co.at\/wshop\/wp-json\/wp\/v2\/types\/product"}],"wp:featuredmedia":[{"embeddable":true,"href":"https:\/\/wenzel.co.at\/wshop\/wp-json\/wp\/v2\/media\/575"}],"wp:attachment":[{"href":"https:\/\/wenzel.co.at\/wshop\/wp-json\/wp\/v2\/media?parent=574"}],"wp:term":[{"taxonomy":"product_brand","embeddable":true,"href":"https:\/\/wenzel.co.at\/wshop\/wp-json\/wp\/v2\/product_brand?post=574"},{"taxonomy":"product_cat","embeddable":true,"href":"https:\/\/wenzel.co.at\/wshop\/wp-json\/wp\/v2\/product_cat?post=574"},{"taxonomy":"product_tag","embeddable":true,"href":"https:\/\/wenzel.co.at\/wshop\/wp-json\/wp\/v2\/product_tag?post=574"}],"curies":[{"name":"wp","href":"https:\/\/api.w.org\/{rel}","templated":true}]}}