{"id":812,"date":"2021-09-07T07:47:02","date_gmt":"2021-09-07T05:47:02","guid":{"rendered":"https:\/\/wenzel.co.at\/wshop\/?post_type=product&#038;p=812"},"modified":"2023-06-17T22:29:11","modified_gmt":"2023-06-17T20:29:11","slug":"vergaser-2b2-service-satz","status":"publish","type":"product","link":"https:\/\/wenzel.co.at\/wshop\/produkt\/vergaser-2b2-service-satz\/","title":{"rendered":"Vergaser 2B2 Rep Satz"},"content":{"rendered":"<p>Vergaser 2B2 Rep Satz, mit Pulldown-Membrane klein inkl Schwimmernadeln D\u00fcnn f\u00fcr die alten Schwimmer f\u00fcr diverse Audi und Vw, zb. Audi 100S (76-78)<\/p>\n","protected":false},"excerpt":{"rendered":"<p>Vergaser 2B2 Rep Satz, mit Pulldown-Membrane klein inkl Schwimmernadeln D\u00fcnn f\u00fcr die alten Schwimmer f\u00fcr diverse Audi und Vw, zb. Audi 100S (76-78)<\/p>\n","protected":false},"featured_media":813,"template":"","meta":[],"product_brand":[],"product_cat":[41],"product_tag":[1087,144,1088,108,1090,1084,162,1089,1083,34],"class_list":{"0":"post-812","1":"product","2":"type-product","3":"status-publish","4":"has-post-thumbnail","6":"product_cat-motor","7":"product_tag-2b2","8":"product_tag-audi","9":"product_tag-audi-100s","10":"product_tag-neu","11":"product_tag-pulldown","12":"product_tag-rep-satz","13":"product_tag-reparatursatz","14":"product_tag-schwimmernadel","15":"product_tag-vergaser","16":"product_tag-vw","17":"entry","19":"first","20":"outofstock","21":"shipping-taxable","22":"purchasable","23":"product-type-simple"},"_links":{"self":[{"href":"https:\/\/wenzel.co.at\/wshop\/wp-json\/wp\/v2\/product\/812","targetHints":{"allow":["GET"]}}],"collection":[{"href":"https:\/\/wenzel.co.at\/wshop\/wp-json\/wp\/v2\/product"}],"about":[{"href":"https:\/\/wenzel.co.at\/wshop\/wp-json\/wp\/v2\/types\/product"}],"wp:featuredmedia":[{"embeddable":true,"href":"https:\/\/wenzel.co.at\/wshop\/wp-json\/wp\/v2\/media\/813"}],"wp:attachment":[{"href":"https:\/\/wenzel.co.at\/wshop\/wp-json\/wp\/v2\/media?parent=812"}],"wp:term":[{"taxonomy":"product_brand","embeddable":true,"href":"https:\/\/wenzel.co.at\/wshop\/wp-json\/wp\/v2\/product_brand?post=812"},{"taxonomy":"product_cat","embeddable":true,"href":"https:\/\/wenzel.co.at\/wshop\/wp-json\/wp\/v2\/product_cat?post=812"},{"taxonomy":"product_tag","embeddable":true,"href":"https:\/\/wenzel.co.at\/wshop\/wp-json\/wp\/v2\/product_tag?post=812"}],"curies":[{"name":"wp","href":"https:\/\/api.w.org\/{rel}","templated":true}]}}