{"id":821,"date":"2021-09-07T07:56:20","date_gmt":"2021-09-07T05:56:20","guid":{"rendered":"https:\/\/wenzel.co.at\/wshop\/?post_type=product&#038;p=821"},"modified":"2024-05-01T09:31:51","modified_gmt":"2024-05-01T07:31:51","slug":"reflektor-audi-coupe-typ-81-85","status":"publish","type":"product","link":"https:\/\/wenzel.co.at\/wshop\/produkt\/reflektor-audi-coupe-typ-81-85\/","title":{"rendered":"Reflektor Audi Coupe Typ 81\/85 vorne links TNR 822807173"},"content":{"rendered":"<p>Reflektor Audi Coupe Typ 81\/85, f\u00fcr Sto\u00dff\u00e4nger vorne links, TNR 822807173, Neu, NOS<\/p>\n","protected":false},"excerpt":{"rendered":"<p>Reflektor Audi Coupe Typ 81\/85, f\u00fcr Sto\u00dff\u00e4nger vorne links, TNR 822807173, Neu, NOS<\/p>\n","protected":false},"featured_media":822,"template":"","meta":[],"product_brand":[],"product_cat":[54],"product_tag":[753,86,97,755,224,108,109,754,756,276],"class_list":{"0":"post-821","1":"product","2":"type-product","3":"status-publish","4":"has-post-thumbnail","6":"product_cat-karosserie","7":"product_tag-753","8":"product_tag-audi-typ-81","9":"product_tag-audi-typ-85","10":"product_tag-blindkappe","11":"product_tag-links","12":"product_tag-neu","13":"product_tag-nos","14":"product_tag-reflektor","15":"product_tag-stossfaenger","16":"product_tag-vorne","17":"entry","19":"first","20":"outofstock","21":"shipping-taxable","22":"purchasable","23":"product-type-simple"},"_links":{"self":[{"href":"https:\/\/wenzel.co.at\/wshop\/wp-json\/wp\/v2\/product\/821","targetHints":{"allow":["GET"]}}],"collection":[{"href":"https:\/\/wenzel.co.at\/wshop\/wp-json\/wp\/v2\/product"}],"about":[{"href":"https:\/\/wenzel.co.at\/wshop\/wp-json\/wp\/v2\/types\/product"}],"wp:featuredmedia":[{"embeddable":true,"href":"https:\/\/wenzel.co.at\/wshop\/wp-json\/wp\/v2\/media\/822"}],"wp:attachment":[{"href":"https:\/\/wenzel.co.at\/wshop\/wp-json\/wp\/v2\/media?parent=821"}],"wp:term":[{"taxonomy":"product_brand","embeddable":true,"href":"https:\/\/wenzel.co.at\/wshop\/wp-json\/wp\/v2\/product_brand?post=821"},{"taxonomy":"product_cat","embeddable":true,"href":"https:\/\/wenzel.co.at\/wshop\/wp-json\/wp\/v2\/product_cat?post=821"},{"taxonomy":"product_tag","embeddable":true,"href":"https:\/\/wenzel.co.at\/wshop\/wp-json\/wp\/v2\/product_tag?post=821"}],"curies":[{"name":"wp","href":"https:\/\/api.w.org\/{rel}","templated":true}]}}