{"id":918,"date":"2021-09-07T09:59:03","date_gmt":"2021-09-07T07:59:03","guid":{"rendered":"https:\/\/wenzel.co.at\/wshop\/?post_type=product&#038;p=918"},"modified":"2022-03-18T17:48:58","modified_gmt":"2022-03-18T16:48:58","slug":"golf-rabbit-kotfluegel-embleme-set","status":"publish","type":"product","link":"https:\/\/wenzel.co.at\/wshop\/produkt\/golf-rabbit-kotfluegel-embleme-set\/","title":{"rendered":"Golf Rabbit Kotfl\u00fcgel Emblem Set gebraucht"},"content":{"rendered":"<p>Golf Rabbit Kotfl\u00fcgel Emblem Set, gebraucht, Haltenasen k\u00f6nnten besch\u00e4digt sein (Set beinhalet 2 Stk.)<\/p>\n","protected":false},"excerpt":{"rendered":"<p>Golf Rabbit Kotfl\u00fcgel Emblem Set, gebraucht, Haltenasen k\u00f6nnten besch\u00e4digt sein (Set beinhalet 2 Stk.)<\/p>\n","protected":false},"featured_media":919,"template":"","meta":[],"product_brand":[],"product_cat":[57],"product_tag":[160,101,834,196,194,789],"class_list":{"0":"post-918","1":"product","2":"type-product","3":"status-publish","4":"has-post-thumbnail","6":"product_cat-zubehoer","7":"product_tag-gebraucht","8":"product_tag-golf-2","9":"product_tag-golf-2-rabbit","10":"product_tag-kotfluegel-emblem","11":"product_tag-kotfluegel-emblem-golf-2","12":"product_tag-rabbit","13":"entry","15":"first","16":"instock","17":"shipping-taxable","18":"purchasable","19":"product-type-simple"},"_links":{"self":[{"href":"https:\/\/wenzel.co.at\/wshop\/wp-json\/wp\/v2\/product\/918","targetHints":{"allow":["GET"]}}],"collection":[{"href":"https:\/\/wenzel.co.at\/wshop\/wp-json\/wp\/v2\/product"}],"about":[{"href":"https:\/\/wenzel.co.at\/wshop\/wp-json\/wp\/v2\/types\/product"}],"wp:featuredmedia":[{"embeddable":true,"href":"https:\/\/wenzel.co.at\/wshop\/wp-json\/wp\/v2\/media\/919"}],"wp:attachment":[{"href":"https:\/\/wenzel.co.at\/wshop\/wp-json\/wp\/v2\/media?parent=918"}],"wp:term":[{"taxonomy":"product_brand","embeddable":true,"href":"https:\/\/wenzel.co.at\/wshop\/wp-json\/wp\/v2\/product_brand?post=918"},{"taxonomy":"product_cat","embeddable":true,"href":"https:\/\/wenzel.co.at\/wshop\/wp-json\/wp\/v2\/product_cat?post=918"},{"taxonomy":"product_tag","embeddable":true,"href":"https:\/\/wenzel.co.at\/wshop\/wp-json\/wp\/v2\/product_tag?post=918"}],"curies":[{"name":"wp","href":"https:\/\/api.w.org\/{rel}","templated":true}]}}